{"id":648,"date":"2024-02-27T15:17:01","date_gmt":"2024-02-27T07:17:01","guid":{"rendered":"https:\/\/buenoanalytics.com\/?page_id=648"},"modified":"2026-02-27T13:28:37","modified_gmt":"2026-02-27T02:28:37","slug":"contact-bueno-2","status":"publish","type":"page","link":"https:\/\/buenoanalytics.com\/fr\/contact\/","title":{"rendered":"Contacter Bueno Analytics"},"content":{"rendered":"\t\t<div data-elementor-type=\"wp-page\" data-elementor-id=\"648\" class=\"elementor elementor-648\" data-elementor-post-type=\"page\">\n\t\t\t\t<div class=\"elementor-element elementor-element-db5486f e-con-full e-flex e-con e-parent\" data-id=\"db5486f\" data-element_type=\"container\" data-e-type=\"container\" data-settings=\"{&quot;background_background&quot;:&quot;gradient&quot;}\">\n\t\t<div class=\"elementor-element elementor-element-c4b214b e-flex e-con-boxed e-con e-child\" data-id=\"c4b214b\" data-element_type=\"container\" data-e-type=\"container\" data-settings=\"{&quot;background_background&quot;:&quot;classic&quot;,&quot;background_motion_fx_translateY_effect&quot;:&quot;yes&quot;,&quot;background_motion_fx_translateY_speed&quot;:{&quot;unit&quot;:&quot;px&quot;,&quot;size&quot;:1,&quot;sizes&quot;:[]},&quot;background_motion_fx_motion_fx_scrolling&quot;:&quot;yes&quot;,&quot;background_motion_fx_translateY_affectedRange&quot;:{&quot;unit&quot;:&quot;%&quot;,&quot;size&quot;:&quot;&quot;,&quot;sizes&quot;:{&quot;start&quot;:0,&quot;end&quot;:100}},&quot;background_motion_fx_devices&quot;:[&quot;desktop&quot;,&quot;tablet&quot;,&quot;mobile&quot;]}\">\n\t\t\t\t\t<div class=\"e-con-inner\">\n\t\t<div class=\"elementor-element elementor-element-8b9c9d2 e-con-full e-flex e-con e-child\" data-id=\"8b9c9d2\" data-element_type=\"container\" data-e-type=\"container\">\n\t\t\t\t<\/div>\n\t\t<div class=\"elementor-element elementor-element-df693f2 e-con-full e-flex e-con e-child\" data-id=\"df693f2\" data-element_type=\"container\" data-e-type=\"container\">\n\t\t<div class=\"elementor-element elementor-element-fefdaf5 e-con-full e-flex e-con e-child\" data-id=\"fefdaf5\" data-element_type=\"container\" data-e-type=\"container\" data-settings=\"{&quot;background_background&quot;:&quot;classic&quot;}\">\n\t\t\t\t<div class=\"elementor-element elementor-element-b6a3e32 elementor-widget elementor-widget-heading\" data-id=\"b6a3e32\" data-element_type=\"widget\" data-e-type=\"widget\" data-widget_type=\"heading.default\">\n\t\t\t\t<div class=\"elementor-widget-container\">\n\t\t\t\t\t<h1 class=\"elementor-heading-title elementor-size-default\">Let\u2019s Talk About <span class=\"accent\">Smarter Building Performance<\/span><\/h1>\t\t\t\t<\/div>\n\t\t\t\t<\/div>\n\t\t\t\t<\/div>\n\t\t\t\t<\/div>\n\t\t\t\t\t<\/div>\n\t\t\t\t<\/div>\n\t\t\t\t<\/div>\n\t\t<div class=\"elementor-element elementor-element-9ed5065 e-flex e-con-boxed e-con e-parent\" data-id=\"9ed5065\" data-element_type=\"container\" data-e-type=\"container\">\n\t\t\t\t\t<div class=\"e-con-inner\">\n\t\t<div class=\"elementor-element elementor-element-626d65f e-flex e-con-boxed e-con e-child\" data-id=\"626d65f\" data-element_type=\"container\" data-e-type=\"container\">\n\t\t\t\t\t<div class=\"e-con-inner\">\n\t\t\t\t<div class=\"elementor-element elementor-element-516d794 elementor-widget elementor-widget-global elementor-global-649 elementor-widget-jet-breadcrumbs\" data-id=\"516d794\" data-element_type=\"widget\" data-e-type=\"widget\" data-widget_type=\"jet-breadcrumbs.default\">\n\t\t\t\t<div class=\"elementor-widget-container\">\n\t\t\t\t\t<div class=\"elementor-jet-breadcrumbs jet-blocks\">\n\t\t<div class=\"jet-breadcrumbs\">\n\t\t<div class=\"jet-breadcrumbs__content\">\n\t\t<div class=\"jet-breadcrumbs__wrap\"><div class=\"jet-breadcrumbs__item\"><a href=\"https:\/\/buenoanalytics.com\/fr\/\" class=\"jet-breadcrumbs__item-link is-home\" rel=\"home\" title=\"Home\">Home<\/a><\/div>\n\t\t<\/div>\n\t\t<\/div>\n\t\t<\/div><\/div>\t\t\t\t<\/div>\n\t\t\t\t<\/div>\n\t\t\t\t\t<\/div>\n\t\t\t\t<\/div>\n\t\t\t\t<div class=\"elementor-element elementor-element-13601b6 elementor-view-default elementor-widget elementor-widget-icon\" data-id=\"13601b6\" data-element_type=\"widget\" data-e-type=\"widget\" data-widget_type=\"icon.default\">\n\t\t\t\t<div class=\"elementor-widget-container\">\n\t\t\t\t\t\t\t<div class=\"elementor-icon-wrapper\">\n\t\t\t<a class=\"elementor-icon\" href=\"#form\">\n\t\t\t<svg xmlns=\"http:\/\/www.w3.org\/2000\/svg\" width=\"58\" height=\"43\" viewBox=\"0 0 58 43\" fill=\"none\"><path d=\"M28.9985 43L43.49 28.6779L58 14.3405L43.49 -6.34254e-07L28.9985 14.3221L14.5069 -1.90114e-06L-4.44154e-06 14.3405L14.5069 28.6779L28.9985 43Z\" fill=\"#77E870\"><\/path><\/svg>\t\t\t<\/a>\n\t\t<\/div>\n\t\t\t\t\t\t<\/div>\n\t\t\t\t<\/div>\n\t\t\t\t\t<\/div>\n\t\t\t\t<\/div>\n\t\t<div class=\"elementor-element elementor-element-2c76050 e-flex e-con-boxed e-con e-parent\" data-id=\"2c76050\" data-element_type=\"container\" data-e-type=\"container\">\n\t\t\t\t\t<div class=\"e-con-inner\">\n\t\t<div class=\"elementor-element elementor-element-d079665 e-flex e-con-boxed e-con e-child\" data-id=\"d079665\" data-element_type=\"container\" data-e-type=\"container\">\n\t\t\t\t\t<div class=\"e-con-inner\">\n\t\t\t\t<div class=\"elementor-element elementor-element-03e5fc9 elementor-widget elementor-widget-heading\" data-id=\"03e5fc9\" data-element_type=\"widget\" data-e-type=\"widget\" data-widget_type=\"heading.default\">\n\t\t\t\t<div class=\"elementor-widget-container\">\n\t\t\t\t\t<h2 class=\"elementor-heading-title elementor-size-default\">Get in Touch with the Bueno Team<\/h2>\t\t\t\t<\/div>\n\t\t\t\t<\/div>\n\t\t\t\t<div class=\"elementor-element elementor-element-a2af555 elementor-widget elementor-widget-heading\" data-id=\"a2af555\" data-element_type=\"widget\" data-e-type=\"widget\" data-widget_type=\"heading.default\">\n\t\t\t\t<div class=\"elementor-widget-container\">\n\t\t\t\t\t<h6 class=\"elementor-heading-title elementor-size-default\">Whether you have a question, want to see how our platform works, or need to talk through site-level challenges, we\u2019re here to help. Reach out and we\u2019ll connect you with the right team member.<\/h6>\t\t\t\t<\/div>\n\t\t\t\t<\/div>\n\t\t\t\t<div class=\"elementor-element elementor-element-b293a90 elementor-widget-divider--view-line elementor-widget elementor-widget-divider\" data-id=\"b293a90\" data-element_type=\"widget\" data-e-type=\"widget\" data-widget_type=\"divider.default\">\n\t\t\t\t<div class=\"elementor-widget-container\">\n\t\t\t\t\t\t\t<div class=\"elementor-divider\">\n\t\t\t<span class=\"elementor-divider-separator\">\n\t\t\t\t\t\t<\/span>\n\t\t<\/div>\n\t\t\t\t\t\t<\/div>\n\t\t\t\t<\/div>\n\t\t\t\t<div class=\"elementor-element elementor-element-cdddb78 elementor-widget elementor-widget-heading\" data-id=\"cdddb78\" data-element_type=\"widget\" data-e-type=\"widget\" data-widget_type=\"heading.default\">\n\t\t\t\t<div class=\"elementor-widget-container\">\n\t\t\t\t\t<h2 class=\"elementor-heading-title elementor-size-default\">Our offices:<\/h2>\t\t\t\t<\/div>\n\t\t\t\t<\/div>\n\t\t<div class=\"elementor-element elementor-element-d4fc70d e-flex e-con-boxed e-con e-child\" data-id=\"d4fc70d\" data-element_type=\"container\" data-e-type=\"container\">\n\t\t\t\t\t<div class=\"e-con-inner\">\n\t\t<div class=\"elementor-element elementor-element-fcb1e3f e-con-full e-flex e-con e-child\" data-id=\"fcb1e3f\" data-element_type=\"container\" data-e-type=\"container\">\n\t\t\t\t<div class=\"elementor-element elementor-element-753dd51 elementor-widget elementor-widget-image\" data-id=\"753dd51\" data-element_type=\"widget\" data-e-type=\"widget\" data-widget_type=\"image.default\">\n\t\t\t\t<div class=\"elementor-widget-container\">\n\t\t\t\t\t\t\t\t\t\t\t\t\t\t\t<img fetchpriority=\"high\" decoding=\"async\" width=\"768\" height=\"333\" src=\"https:\/\/buenoanalytics.com\/wp-content\/smush-webp\/2024\/03\/Sydney-768x333.jpg.webp\" class=\"attachment-medium_large size-medium_large wp-image-1007\" alt=\"Bueno Analytics\" srcset=\"https:\/\/buenoanalytics.com\/wp-content\/smush-webp\/2024\/03\/Sydney-768x333.jpg.webp 768w, https:\/\/buenoanalytics.com\/wp-content\/smush-webp\/2024\/03\/Sydney-300x130.jpg.webp 300w, https:\/\/buenoanalytics.com\/wp-content\/smush-webp\/2024\/03\/Sydney-1024x444.jpg.webp 1024w, https:\/\/buenoanalytics.com\/wp-content\/smush-webp\/2024\/03\/Sydney-1536x666.jpg.webp 1536w, https:\/\/buenoanalytics.com\/wp-content\/smush-webp\/2024\/03\/Sydney-2048x888.jpg.webp 2048w, https:\/\/buenoanalytics.com\/wp-content\/smush-webp\/2024\/03\/Sydney-18x8.jpg.webp 18w\" sizes=\"(max-width: 768px) 100vw, 768px\" title=\"Bueno Analytics\">\t\t\t\t\t\t\t\t\t\t\t\t\t\t\t<\/div>\n\t\t\t\t<\/div>\n\t\t\t\t<div class=\"elementor-element elementor-element-8607511 elementor-widget elementor-widget-heading\" data-id=\"8607511\" data-element_type=\"widget\" data-e-type=\"widget\" data-widget_type=\"heading.default\">\n\t\t\t\t<div class=\"elementor-widget-container\">\n\t\t\t\t\t<h3 class=\"elementor-heading-title elementor-size-default\">Sydney<\/h3>\t\t\t\t<\/div>\n\t\t\t\t<\/div>\n\t\t\t\t<div class=\"elementor-element elementor-element-ed050c3 elementor-widget elementor-widget-text-editor\" data-id=\"ed050c3\" data-element_type=\"widget\" data-e-type=\"widget\" data-widget_type=\"text-editor.default\">\n\t\t\t\t<div class=\"elementor-widget-container\">\n\t\t\t\t\t\t\t\t\t<p>Level 8<br \/>17-19 Bridge Street<br \/>Sydney NSW 2000<\/p>\t\t\t\t\t\t\t\t<\/div>\n\t\t\t\t<\/div>\n\t\t\t\t<\/div>\n\t\t<div class=\"elementor-element elementor-element-c9bd634 e-con-full e-flex e-con e-child\" data-id=\"c9bd634\" data-element_type=\"container\" data-e-type=\"container\">\n\t\t\t\t<div class=\"elementor-element elementor-element-4d438d7 elementor-widget elementor-widget-image\" data-id=\"4d438d7\" data-element_type=\"widget\" data-e-type=\"widget\" data-widget_type=\"image.default\">\n\t\t\t\t<div class=\"elementor-widget-container\">\n\t\t\t\t\t\t\t\t\t\t\t\t\t\t\t<img decoding=\"async\" width=\"768\" height=\"414\" src=\"https:\/\/buenoanalytics.com\/wp-content\/smush-webp\/2024\/03\/Melbourne-768x414.jpg.webp\" class=\"attachment-medium_large size-medium_large wp-image-1005\" alt=\"Bueno Analytics\" srcset=\"https:\/\/buenoanalytics.com\/wp-content\/smush-webp\/2024\/03\/Melbourne-768x414.jpg.webp 768w, https:\/\/buenoanalytics.com\/wp-content\/smush-webp\/2024\/03\/Melbourne-300x162.jpg.webp 300w, https:\/\/buenoanalytics.com\/wp-content\/smush-webp\/2024\/03\/Melbourne-1024x552.jpg.webp 1024w, https:\/\/buenoanalytics.com\/wp-content\/smush-webp\/2024\/03\/Melbourne-1536x828.jpg.webp 1536w, https:\/\/buenoanalytics.com\/wp-content\/smush-webp\/2024\/03\/Melbourne-2048x1104.jpg.webp 2048w, https:\/\/buenoanalytics.com\/wp-content\/smush-webp\/2024\/03\/Melbourne-18x10.jpg.webp 18w\" sizes=\"(max-width: 768px) 100vw, 768px\" title=\"Bueno Analytics\" loading=\"lazy\">\t\t\t\t\t\t\t\t\t\t\t\t\t\t\t<\/div>\n\t\t\t\t<\/div>\n\t\t\t\t<div class=\"elementor-element elementor-element-704aa7e elementor-widget elementor-widget-heading\" data-id=\"704aa7e\" data-element_type=\"widget\" data-e-type=\"widget\" data-widget_type=\"heading.default\">\n\t\t\t\t<div class=\"elementor-widget-container\">\n\t\t\t\t\t<h3 class=\"elementor-heading-title elementor-size-default\">Melbourne<\/h3>\t\t\t\t<\/div>\n\t\t\t\t<\/div>\n\t\t\t\t<div class=\"elementor-element elementor-element-0ecb886 elementor-widget elementor-widget-text-editor\" data-id=\"0ecb886\" data-element_type=\"widget\" data-e-type=\"widget\" data-widget_type=\"text-editor.default\">\n\t\t\t\t<div class=\"elementor-widget-container\">\n\t\t\t\t\t\t\t\t\t<p>Part Level 49,<br \/>Melbourne Central Tower\u2028<br \/>360 Elizabeth Street<br \/>Melbourne VIC 3000<\/p>\t\t\t\t\t\t\t\t<\/div>\n\t\t\t\t<\/div>\n\t\t\t\t<\/div>\n\t\t<div class=\"elementor-element elementor-element-631d454 e-con-full e-flex e-con e-child\" data-id=\"631d454\" data-element_type=\"container\" data-e-type=\"container\">\n\t\t\t\t<div class=\"elementor-element elementor-element-c6bad6d elementor-widget elementor-widget-image\" data-id=\"c6bad6d\" data-element_type=\"widget\" data-e-type=\"widget\" data-widget_type=\"image.default\">\n\t\t\t\t<div class=\"elementor-widget-container\">\n\t\t\t\t\t\t\t\t\t\t\t\t\t\t\t<img decoding=\"async\" width=\"768\" height=\"512\" src=\"https:\/\/buenoanalytics.com\/wp-content\/smush-webp\/2024\/03\/Brisbane-768x512.jpg.webp\" class=\"attachment-medium_large size-medium_large wp-image-1002\" alt=\"Bueno Analytics\" srcset=\"https:\/\/buenoanalytics.com\/wp-content\/smush-webp\/2024\/03\/Brisbane-768x512.jpg.webp 768w, https:\/\/buenoanalytics.com\/wp-content\/smush-webp\/2024\/03\/Brisbane-300x200.jpg.webp 300w, https:\/\/buenoanalytics.com\/wp-content\/smush-webp\/2024\/03\/Brisbane-1024x683.jpg.webp 1024w, https:\/\/buenoanalytics.com\/wp-content\/smush-webp\/2024\/03\/Brisbane-1536x1024.jpg.webp 1536w, https:\/\/buenoanalytics.com\/wp-content\/smush-webp\/2024\/03\/Brisbane-2048x1366.jpg.webp 2048w, https:\/\/buenoanalytics.com\/wp-content\/smush-webp\/2024\/03\/Brisbane-18x12.jpg.webp 18w\" sizes=\"(max-width: 768px) 100vw, 768px\" title=\"Bueno Analytics\" loading=\"lazy\">\t\t\t\t\t\t\t\t\t\t\t\t\t\t\t<\/div>\n\t\t\t\t<\/div>\n\t\t\t\t<div class=\"elementor-element elementor-element-1cacaf7 elementor-widget elementor-widget-heading\" data-id=\"1cacaf7\" data-element_type=\"widget\" data-e-type=\"widget\" data-widget_type=\"heading.default\">\n\t\t\t\t<div class=\"elementor-widget-container\">\n\t\t\t\t\t<h3 class=\"elementor-heading-title elementor-size-default\">Brisbane<\/h3>\t\t\t\t<\/div>\n\t\t\t\t<\/div>\n\t\t\t\t<div class=\"elementor-element elementor-element-6504657 elementor-widget elementor-widget-text-editor\" data-id=\"6504657\" data-element_type=\"widget\" data-e-type=\"widget\" data-widget_type=\"text-editor.default\">\n\t\t\t\t<div class=\"elementor-widget-container\">\n\t\t\t\t\t\t\t\t\t<p>Level 14<br>167 Eagle Street<br>Brisbane QLD 4000<\/p>\t\t\t\t\t\t\t\t<\/div>\n\t\t\t\t<\/div>\n\t\t\t\t<\/div>\n\t\t<div class=\"elementor-element elementor-element-e667ae0 e-con-full e-flex e-con e-child\" data-id=\"e667ae0\" data-element_type=\"container\" data-e-type=\"container\">\n\t\t\t\t<div class=\"elementor-element elementor-element-795d123 elementor-widget elementor-widget-image\" data-id=\"795d123\" data-element_type=\"widget\" data-e-type=\"widget\" data-widget_type=\"image.default\">\n\t\t\t\t<div class=\"elementor-widget-container\">\n\t\t\t\t\t\t\t\t\t\t\t\t\t\t\t<img loading=\"lazy\" decoding=\"async\" width=\"768\" height=\"509\" src=\"https:\/\/buenoanalytics.com\/wp-content\/smush-webp\/2024\/03\/new-york-768x509.jpg.webp\" class=\"attachment-medium_large size-medium_large wp-image-1006\" alt=\"Bueno Analytics\" srcset=\"https:\/\/buenoanalytics.com\/wp-content\/smush-webp\/2024\/03\/new-york-768x509.jpg.webp 768w, https:\/\/buenoanalytics.com\/wp-content\/smush-webp\/2024\/03\/new-york-300x199.jpg.webp 300w, https:\/\/buenoanalytics.com\/wp-content\/smush-webp\/2024\/03\/new-york-1024x679.jpg.webp 1024w, https:\/\/buenoanalytics.com\/wp-content\/smush-webp\/2024\/03\/new-york-1536x1018.jpg.webp 1536w, https:\/\/buenoanalytics.com\/wp-content\/smush-webp\/2024\/03\/new-york-18x12.jpg.webp 18w, https:\/\/buenoanalytics.com\/wp-content\/smush-webp\/2024\/03\/new-york.jpg.webp 2048w\" sizes=\"(max-width: 768px) 100vw, 768px\" title=\"Bueno Analytics\">\t\t\t\t\t\t\t\t\t\t\t\t\t\t\t<\/div>\n\t\t\t\t<\/div>\n\t\t\t\t<div class=\"elementor-element elementor-element-627489f elementor-widget elementor-widget-heading\" data-id=\"627489f\" data-element_type=\"widget\" data-e-type=\"widget\" data-widget_type=\"heading.default\">\n\t\t\t\t<div class=\"elementor-widget-container\">\n\t\t\t\t\t<h3 class=\"elementor-heading-title elementor-size-default\">New York<\/h3>\t\t\t\t<\/div>\n\t\t\t\t<\/div>\n\t\t\t\t<div class=\"elementor-element elementor-element-f778f5d elementor-widget elementor-widget-text-editor\" data-id=\"f778f5d\" data-element_type=\"widget\" data-e-type=\"widget\" data-widget_type=\"text-editor.default\">\n\t\t\t\t<div class=\"elementor-widget-container\">\n\t\t\t\t\t\t\t\t\t<p>The Brass Factory,<br \/>185 Wythe Ave<br \/>2nd Floor<br \/>Brooklyn, NY 11249<\/p>\t\t\t\t\t\t\t\t<\/div>\n\t\t\t\t<\/div>\n\t\t\t\t<\/div>\n\t\t<div class=\"elementor-element elementor-element-27aee30 e-con-full e-flex e-con e-child\" data-id=\"27aee30\" data-element_type=\"container\" data-e-type=\"container\">\n\t\t\t\t<div class=\"elementor-element elementor-element-9e5bd9d elementor-widget elementor-widget-image\" data-id=\"9e5bd9d\" data-element_type=\"widget\" data-e-type=\"widget\" data-widget_type=\"image.default\">\n\t\t\t\t<div class=\"elementor-widget-container\">\n\t\t\t\t\t\t\t\t\t\t\t\t\t\t\t<img loading=\"lazy\" decoding=\"async\" width=\"768\" height=\"512\" src=\"https:\/\/buenoanalytics.com\/wp-content\/smush-webp\/2024\/03\/london-768x512.jpg.webp\" class=\"attachment-medium_large size-medium_large wp-image-1004\" alt=\"Bueno Analytics\" srcset=\"https:\/\/buenoanalytics.com\/wp-content\/smush-webp\/2024\/03\/london-768x512.jpg.webp 768w, https:\/\/buenoanalytics.com\/wp-content\/smush-webp\/2024\/03\/london-300x200.jpg.webp 300w, https:\/\/buenoanalytics.com\/wp-content\/smush-webp\/2024\/03\/london-1024x683.jpg.webp 1024w, https:\/\/buenoanalytics.com\/wp-content\/smush-webp\/2024\/03\/london-1536x1025.jpg.webp 1536w, https:\/\/buenoanalytics.com\/wp-content\/smush-webp\/2024\/03\/london-18x12.jpg.webp 18w, https:\/\/buenoanalytics.com\/wp-content\/smush-webp\/2024\/03\/london.jpg.webp 2048w\" sizes=\"(max-width: 768px) 100vw, 768px\" title=\"Bueno Analytics\">\t\t\t\t\t\t\t\t\t\t\t\t\t\t\t<\/div>\n\t\t\t\t<\/div>\n\t\t\t\t<div class=\"elementor-element elementor-element-f6b95a9 elementor-widget elementor-widget-heading\" data-id=\"f6b95a9\" data-element_type=\"widget\" data-e-type=\"widget\" data-widget_type=\"heading.default\">\n\t\t\t\t<div class=\"elementor-widget-container\">\n\t\t\t\t\t<h3 class=\"elementor-heading-title elementor-size-default\">London<\/h3>\t\t\t\t<\/div>\n\t\t\t\t<\/div>\n\t\t\t\t<div class=\"elementor-element elementor-element-7aacb62 elementor-widget elementor-widget-text-editor\" data-id=\"7aacb62\" data-element_type=\"widget\" data-e-type=\"widget\" data-widget_type=\"text-editor.default\">\n\t\t\t\t<div class=\"elementor-widget-container\">\n\t\t\t\t\t\t\t\t\t<p><a href=\"https:\/\/www.foraspace.com\/london-workspaces\/180-borough-high-street\" target=\"_blank\" rel=\"noopener\">Fora<\/a> Borough High St<br \/>180 Borough High Street<br \/>London SE1 1LB<\/p>\t\t\t\t\t\t\t\t<\/div>\n\t\t\t\t<\/div>\n\t\t\t\t<\/div>\n\t\t\t\t\t<\/div>\n\t\t\t\t<\/div>\n\t\t\t\t<div class=\"elementor-element elementor-element-57bf1ef elementor-widget-divider--view-line elementor-widget elementor-widget-divider\" data-id=\"57bf1ef\" data-element_type=\"widget\" data-e-type=\"widget\" data-widget_type=\"divider.default\">\n\t\t\t\t<div class=\"elementor-widget-container\">\n\t\t\t\t\t\t\t<div class=\"elementor-divider\">\n\t\t\t<span class=\"elementor-divider-separator\">\n\t\t\t\t\t\t<\/span>\n\t\t<\/div>\n\t\t\t\t\t\t<\/div>\n\t\t\t\t<\/div>\n\t\t<div class=\"elementor-element elementor-element-acc02ac e-flex e-con-boxed e-con e-child\" data-id=\"acc02ac\" data-element_type=\"container\" data-e-type=\"container\">\n\t\t\t\t\t<div class=\"e-con-inner\">\n\t\t<div class=\"elementor-element elementor-element-6fbdcd7 e-con-full e-flex e-con e-child\" data-id=\"6fbdcd7\" data-element_type=\"container\" data-e-type=\"container\">\n\t\t\t\t<div class=\"elementor-element elementor-element-504f282 elementor-widget elementor-widget-heading\" data-id=\"504f282\" data-element_type=\"widget\" data-e-type=\"widget\" data-widget_type=\"heading.default\">\n\t\t\t\t<div class=\"elementor-widget-container\">\n\t\t\t\t\t<h2 class=\"elementor-heading-title elementor-size-default\">Phone<\/h2>\t\t\t\t<\/div>\n\t\t\t\t<\/div>\n\t\t\t\t<div class=\"elementor-element elementor-element-d32e2d1 elementor-widget elementor-widget-text-editor\" data-id=\"d32e2d1\" data-element_type=\"widget\" data-e-type=\"widget\" data-widget_type=\"text-editor.default\">\n\t\t\t\t<div class=\"elementor-widget-container\">\n\t\t\t\t\t\t\t\t\t<p><strong>Australia:<\/strong>\u00a0<a href=\"tel:1300 179 859\">1300 179 859<\/a><\/p><p><strong>US<\/strong> : <a href=\"tel:+1 (929) 944-1021\">+1 (929) 944-1021<\/a><\/p><p><strong>UK<\/strong>: <a class=\"c-link\" href=\"tel:+447736 931706\" target=\"_blank\" rel=\"noopener noreferrer\">+447736 931706<\/a><\/p><p>\u00a0<\/p>\t\t\t\t\t\t\t\t<\/div>\n\t\t\t\t<\/div>\n\t\t\t\t<\/div>\n\t\t<div class=\"elementor-element elementor-element-de06a0f e-con-full e-flex e-con e-child\" data-id=\"de06a0f\" data-element_type=\"container\" data-e-type=\"container\">\n\t\t\t\t<div class=\"elementor-element elementor-element-ef84295 elementor-widget__width-initial elementor-widget-mobile__width-inherit elementor-widget elementor-widget-heading\" data-id=\"ef84295\" data-element_type=\"widget\" data-e-type=\"widget\" data-widget_type=\"heading.default\">\n\t\t\t\t<div class=\"elementor-widget-container\">\n\t\t\t\t\t<h2 class=\"elementor-heading-title elementor-size-default\">Join our global partners in creating a sustainable future for your clients.<\/h2>\t\t\t\t<\/div>\n\t\t\t\t<\/div>\n\t\t\t\t<div class=\"elementor-element elementor-element-54b7ab0 elementor-widget elementor-widget-button\" data-id=\"54b7ab0\" data-element_type=\"widget\" data-e-type=\"widget\" data-widget_type=\"button.default\">\n\t\t\t\t<div class=\"elementor-widget-container\">\n\t\t\t\t\t\t\t\t\t<div class=\"elementor-button-wrapper\">\n\t\t\t\t\t<a class=\"elementor-button elementor-button-link elementor-size-sm\" href=\"https:\/\/buenoanalytics.com\/partners\/\">\n\t\t\t\t\t\t<span class=\"elementor-button-content-wrapper\">\n\t\t\t\t\t\t<span class=\"elementor-button-icon\">\n\t\t\t\t<i aria-hidden=\"true\" class=\"fas fa-arrow-right\"><\/i>\t\t\t<\/span>\n\t\t\t\t\t\t\t\t\t<span class=\"elementor-button-text\">Learn more about becoming a Bueno Partner<\/span>\n\t\t\t\t\t<\/span>\n\t\t\t\t\t<\/a>\n\t\t\t\t<\/div>\n\t\t\t\t\t\t\t\t<\/div>\n\t\t\t\t<\/div>\n\t\t\t\t<\/div>\n\t\t\t\t\t<\/div>\n\t\t\t\t<\/div>\n\t\t\t\t\t<\/div>\n\t\t\t\t<\/div>\n\t\t\t\t\t<\/div>\n\t\t\t\t<\/div>\n\t\t\t\t<\/div>\n\t\t","protected":false},"excerpt":{"rendered":"<p>Que vous soyez pr\u00eat \u00e0 vous lancer dans l'analyse ou que vous ayez besoin de faire \u00e9voluer des solutions existantes, notre \u00e9quipe peut vous aider. N'h\u00e9sitez pas \u00e0 nous contacter pour une d\u00e9monstration ou une consultation sur mesure.<\/p>","protected":false},"author":3,"featured_media":2020,"parent":0,"menu_order":0,"comment_status":"closed","ping_status":"closed","template":"","meta":{"footnotes":""},"class_list":["post-648","page","type-page","status-publish","has-post-thumbnail","hentry"],"_links":{"self":[{"href":"https:\/\/buenoanalytics.com\/fr\/wp-json\/wp\/v2\/pages\/648"}],"collection":[{"href":"https:\/\/buenoanalytics.com\/fr\/wp-json\/wp\/v2\/pages"}],"about":[{"href":"https:\/\/buenoanalytics.com\/fr\/wp-json\/wp\/v2\/types\/page"}],"author":[{"embeddable":true,"href":"https:\/\/buenoanalytics.com\/fr\/wp-json\/wp\/v2\/users\/3"}],"replies":[{"embeddable":true,"href":"https:\/\/buenoanalytics.com\/fr\/wp-json\/wp\/v2\/comments?post=648"}],"version-history":[{"count":0,"href":"https:\/\/buenoanalytics.com\/fr\/wp-json\/wp\/v2\/pages\/648\/revisions"}],"wp:featuredmedia":[{"embeddable":true,"href":"https:\/\/buenoanalytics.com\/fr\/wp-json\/wp\/v2\/media\/2020"}],"wp:attachment":[{"href":"https:\/\/buenoanalytics.com\/fr\/wp-json\/wp\/v2\/media?parent=648"}],"curies":[{"name":"wp","href":"https:\/\/api.w.org\/{rel}","templated":true}]}}