{"id":3712,"date":"2025-08-07T17:37:32","date_gmt":"2025-08-07T07:37:32","guid":{"rendered":"https:\/\/buenoanalytics.com\/?page_id=3712"},"modified":"2025-09-03T18:23:57","modified_gmt":"2025-09-03T08:23:57","slug":"cas-dutilisation","status":"publish","type":"page","link":"https:\/\/buenoanalytics.com\/fr\/grocery-analytics\/use-case\/","title":{"rendered":"Cas d'utilisation"},"content":{"rendered":"\t\t<div data-elementor-type=\"wp-page\" data-elementor-id=\"3712\" class=\"elementor elementor-3712\" data-elementor-post-type=\"page\">\n\t\t\t\t<div class=\"elementor-element elementor-element-7b15dc0 e-con-full e-flex e-con e-parent\" data-id=\"7b15dc0\" data-element_type=\"container\" data-e-type=\"container\" data-settings=\"{&quot;background_background&quot;:&quot;gradient&quot;}\">\n\t\t<div class=\"elementor-element elementor-element-6242c5a e-flex e-con-boxed e-con e-child\" data-id=\"6242c5a\" data-element_type=\"container\" data-e-type=\"container\" data-settings=\"{&quot;background_background&quot;:&quot;classic&quot;,&quot;background_motion_fx_translateY_effect&quot;:&quot;yes&quot;,&quot;background_motion_fx_translateY_speed&quot;:{&quot;unit&quot;:&quot;px&quot;,&quot;size&quot;:1,&quot;sizes&quot;:[]},&quot;background_motion_fx_motion_fx_scrolling&quot;:&quot;yes&quot;,&quot;background_motion_fx_translateY_affectedRange&quot;:{&quot;unit&quot;:&quot;%&quot;,&quot;size&quot;:&quot;&quot;,&quot;sizes&quot;:{&quot;start&quot;:0,&quot;end&quot;:100}},&quot;background_motion_fx_devices&quot;:[&quot;desktop&quot;,&quot;tablet&quot;,&quot;mobile&quot;]}\">\n\t\t\t\t\t<div class=\"e-con-inner\">\n\t\t<div class=\"elementor-element elementor-element-0016ae3 e-con-full e-flex e-con e-child\" data-id=\"0016ae3\" data-element_type=\"container\" data-e-type=\"container\">\n\t\t\t\t<\/div>\n\t\t<div class=\"elementor-element elementor-element-2fc52c9 e-con-full e-flex e-con e-child\" data-id=\"2fc52c9\" data-element_type=\"container\" data-e-type=\"container\">\n\t\t<div class=\"elementor-element elementor-element-b4206f3 e-con-full e-flex e-con e-child\" data-id=\"b4206f3\" data-element_type=\"container\" data-e-type=\"container\">\n\t\t<div class=\"elementor-element elementor-element-1203131 e-con-full e-flex e-con e-child\" data-id=\"1203131\" data-element_type=\"container\" data-e-type=\"container\" data-settings=\"{&quot;background_background&quot;:&quot;classic&quot;}\">\n\t\t\t\t<div class=\"elementor-element elementor-element-a66e260 elementor-widget elementor-widget-heading\" data-id=\"a66e260\" data-element_type=\"widget\" data-e-type=\"widget\" data-widget_type=\"heading.default\">\n\t\t\t\t<div class=\"elementor-widget-container\">\n\t\t\t\t\t<h1 class=\"elementor-heading-title elementor-size-default\">Grocery\n: <span class=\"accent\">Use Case Scenarios<\/span><\/h1>\t\t\t\t<\/div>\n\t\t\t\t<\/div>\n\t\t\t\t<\/div>\n\t\t\t\t<\/div>\n\t\t\t\t<\/div>\n\t\t\t\t\t<\/div>\n\t\t\t\t<\/div>\n\t\t\t\t<\/div>\n\t\t<div class=\"elementor-element elementor-element-9308d58 e-flex e-con-boxed e-con e-parent\" data-id=\"9308d58\" data-element_type=\"container\" data-e-type=\"container\">\n\t\t\t\t\t<div class=\"e-con-inner\">\n\t\t<div class=\"elementor-element elementor-element-2f6fac9 e-flex e-con-boxed e-con e-child\" data-id=\"2f6fac9\" data-element_type=\"container\" data-e-type=\"container\">\n\t\t\t\t\t<div class=\"e-con-inner\">\n\t\t\t\t<div class=\"elementor-element elementor-element-b5d9c81 elementor-widget elementor-widget-jet-breadcrumbs\" data-id=\"b5d9c81\" data-element_type=\"widget\" data-e-type=\"widget\" data-widget_type=\"jet-breadcrumbs.default\">\n\t\t\t\t<div class=\"elementor-widget-container\">\n\t\t\t\t\t<div class=\"elementor-jet-breadcrumbs jet-blocks\">\n\t\t<div class=\"jet-breadcrumbs\">\n\t\t<div class=\"jet-breadcrumbs__content\">\n\t\t<div class=\"jet-breadcrumbs__wrap\"><div class=\"jet-breadcrumbs__item\"><a href=\"https:\/\/buenoanalytics.com\/fr\/\" class=\"jet-breadcrumbs__item-link is-home\" rel=\"home\" title=\"Home\">Home<\/a><\/div>\n\t\t<\/div>\n\t\t<\/div>\n\t\t<\/div><\/div>\t\t\t\t<\/div>\n\t\t\t\t<\/div>\n\t\t\t\t\t<\/div>\n\t\t\t\t<\/div>\n\t\t\t\t\t<\/div>\n\t\t\t\t<\/div>\n\t\t<div class=\"elementor-element elementor-element-6d1ffa0 e-flex e-con-boxed e-con e-parent\" data-id=\"6d1ffa0\" data-element_type=\"container\" data-e-type=\"container\">\n\t\t\t\t\t<div class=\"e-con-inner\">\n\t\t<div class=\"elementor-element elementor-element-6bdcddb e-flex e-con-boxed e-con e-child\" data-id=\"6bdcddb\" data-element_type=\"container\" data-e-type=\"container\">\n\t\t\t\t\t<div class=\"e-con-inner\">\n\t\t\t\t<div class=\"elementor-element elementor-element-a5eff74 elementor-widget elementor-widget-jet-listing-grid\" data-id=\"a5eff74\" data-element_type=\"widget\" data-e-type=\"widget\" data-settings=\"{&quot;columns&quot;:3,&quot;columns_mobile&quot;:&quot;1&quot;}\" data-widget_type=\"jet-listing-grid.default\">\n\t\t\t\t<div class=\"elementor-widget-container\">\n\t\t\t\t\t<div class=\"jet-listing-grid jet-listing\"><div class=\"jet-listing-grid__items grid-col-desk-3 grid-col-tablet-3 grid-col-mobile-1 jet-listing-grid--935\" data-queried-id=\"3712|WP_Post\" data-nav=\"{&quot;enabled&quot;:true,&quot;type&quot;:&quot;scroll&quot;,&quot;more_el&quot;:null,&quot;query&quot;:{&quot;query_id&quot;:55,&quot;posts_per_page&quot;:12,&quot;signature&quot;:&quot;3c4c9991f1b624bcb1664c03be0a97fc322f7cfc1d26120017ce83933e877f89&quot;},&quot;widget_settings&quot;:{&quot;lisitng_id&quot;:935,&quot;posts_num&quot;:12,&quot;columns&quot;:3,&quot;columns_tablet&quot;:3,&quot;columns_mobile&quot;:1,&quot;column_min_width&quot;:240,&quot;column_min_width_tablet&quot;:240,&quot;column_min_width_mobile&quot;:240,&quot;inline_columns_css&quot;:false,&quot;is_archive_template&quot;:&quot;&quot;,&quot;post_status&quot;:[&quot;publish&quot;],&quot;use_random_posts_num&quot;:&quot;&quot;,&quot;max_posts_num&quot;:9,&quot;not_found_message&quot;:&quot;No data was found&quot;,&quot;is_masonry&quot;:false,&quot;equal_columns_height&quot;:&quot;&quot;,&quot;use_load_more&quot;:&quot;yes&quot;,&quot;load_more_id&quot;:&quot;&quot;,&quot;load_more_type&quot;:&quot;scroll&quot;,&quot;load_more_offset&quot;:{&quot;unit&quot;:&quot;px&quot;,&quot;size&quot;:0,&quot;sizes&quot;:[]},&quot;use_custom_post_types&quot;:&quot;&quot;,&quot;custom_post_types&quot;:[],&quot;hide_widget_if&quot;:&quot;&quot;,&quot;carousel_enabled&quot;:&quot;&quot;,&quot;slides_to_scroll&quot;:&quot;1&quot;,&quot;arrows&quot;:&quot;true&quot;,&quot;arrow_icon&quot;:&quot;fa fa-angle-left&quot;,&quot;dots&quot;:&quot;&quot;,&quot;autoplay&quot;:&quot;true&quot;,&quot;pause_on_hover&quot;:&quot;true&quot;,&quot;autoplay_speed&quot;:5000,&quot;infinite&quot;:&quot;true&quot;,&quot;center_mode&quot;:&quot;&quot;,&quot;effect&quot;:&quot;slide&quot;,&quot;speed&quot;:500,&quot;inject_alternative_items&quot;:&quot;&quot;,&quot;injection_items&quot;:[],&quot;scroll_slider_enabled&quot;:&quot;&quot;,&quot;scroll_slider_on&quot;:[&quot;desktop&quot;,&quot;tablet&quot;,&quot;mobile&quot;],&quot;custom_query&quot;:&quot;yes&quot;,&quot;custom_query_id&quot;:&quot;55&quot;,&quot;_element_id&quot;:&quot;&quot;,&quot;collapse_first_last_gap&quot;:false,&quot;list_tag_selection&quot;:&quot;&quot;,&quot;list_items_wrapper_tag&quot;:&quot;div&quot;,&quot;list_item_tag&quot;:&quot;div&quot;,&quot;empty_items_wrapper_tag&quot;:&quot;div&quot;}}\" data-page=\"1\" data-pages=\"1\" data-listing-source=\"query\" data-listing-id=\"935\" data-query-id=\"55\"><div class=\"jet-listing-grid__item jet-listing-dynamic-post-4637\" data-post-id=\"4637\"  ><style type=\"text\/css\">.jet-listing-dynamic-post-4637 .elementor-element.elementor-element-5e67605:not(.elementor-motion-effects-element-type-background), .jet-listing-dynamic-post-4637 .elementor-element.elementor-element-5e67605 > .elementor-motion-effects-container > .elementor-motion-effects-layer{background-image:url(\"https:\/\/buenoanalytics.com\/wp-content\/uploads\/2025\/07\/iStock-1416618595-scaled.jpg\");}<\/style><div class=\"jet-engine-listing-overlay-wrap\" data-url=\"https:\/\/buenoanalytics.com\/fr\/solution\/retail-grocery-store-analytics\/\">\t\t<div data-elementor-type=\"jet-listing-items\" data-elementor-id=\"935\" class=\"elementor elementor-935\" data-elementor-post-type=\"jet-engine\">\n\t\t\t\t<div class=\"elementor-element elementor-element-fd2deea e-con-full e-flex e-con e-parent\" data-id=\"fd2deea\" data-element_type=\"container\" data-e-type=\"container\">\n\t\t<div class=\"elementor-element elementor-element-5e67605 e-con-full e-flex e-con e-child\" data-id=\"5e67605\" data-element_type=\"container\" data-e-type=\"container\" data-settings=\"{&quot;background_background&quot;:&quot;classic&quot;}\">\n\t\t\t\t<\/div>\n\t\t<div class=\"elementor-element elementor-element-5908359 e-con-full e-flex e-con e-child\" data-id=\"5908359\" data-element_type=\"container\" data-e-type=\"container\" data-settings=\"{&quot;background_background&quot;:&quot;classic&quot;}\">\n\t\t\t\t<div class=\"elementor-element elementor-element-3bd5295 elementor-widget elementor-widget-heading\" data-id=\"3bd5295\" data-element_type=\"widget\" data-e-type=\"widget\" data-widget_type=\"heading.default\">\n\t\t\t\t<div class=\"elementor-widget-container\">\n\t\t\t\t\t<h2 class=\"elementor-heading-title elementor-size-default\">Grocery Store Analytics<\/h2>\t\t\t\t<\/div>\n\t\t\t\t<\/div>\n\t\t\t\t<div class=\"elementor-element elementor-element-09cba8d elementor-widget elementor-widget-jet-listing-dynamic-field\" data-id=\"09cba8d\" data-element_type=\"widget\" data-e-type=\"widget\" data-widget_type=\"jet-listing-dynamic-field.default\">\n\t\t\t\t<div class=\"elementor-widget-container\">\n\t\t\t\t\t<div class=\"jet-listing jet-listing-dynamic-field display-inline\"><div class=\"jet-listing-dynamic-field__inline-wrap\"><p class=\"jet-listing-dynamic-field__content\" >Bueno\u2019s grocery store analytics software turns...<\/p><\/div><\/div>\t\t\t\t<\/div>\n\t\t\t\t<\/div>\n\t\t\t\t<\/div>\n\t\t\t\t<\/div>\n\t\t\t\t<\/div>\n\t\t<a href=\"https:\/\/buenoanalytics.com\/fr\/solution\/retail-grocery-store-analytics\/\" class=\"jet-engine-listing-overlay-link\"><\/a><\/div><\/div><div class=\"jet-listing-grid__item jet-listing-dynamic-post-1854\" data-post-id=\"1854\"  ><style type=\"text\/css\">.jet-listing-dynamic-post-1854 .elementor-element.elementor-element-5e67605:not(.elementor-motion-effects-element-type-background), .jet-listing-dynamic-post-1854 .elementor-element.elementor-element-5e67605 > .elementor-motion-effects-container > .elementor-motion-effects-layer{background-image:url(\"https:\/\/buenoanalytics.com\/wp-content\/smush-webp\/2024\/11\/Refridgeration-Bueno.jpg.webp\");}<\/style><div class=\"jet-engine-listing-overlay-wrap\" data-url=\"https:\/\/buenoanalytics.com\/fr\/solution\/refrigerant-leak-refrigeration-ice-ups\/\">\t\t<div data-elementor-type=\"jet-listing-items\" data-elementor-id=\"935\" class=\"elementor elementor-935\" data-elementor-post-type=\"jet-engine\">\n\t\t\t\t<div class=\"elementor-element elementor-element-fd2deea e-con-full e-flex e-con e-parent\" data-id=\"fd2deea\" data-element_type=\"container\" data-e-type=\"container\">\n\t\t<div class=\"elementor-element elementor-element-5e67605 e-con-full e-flex e-con e-child\" data-id=\"5e67605\" data-element_type=\"container\" data-e-type=\"container\" data-settings=\"{&quot;background_background&quot;:&quot;classic&quot;}\">\n\t\t\t\t<\/div>\n\t\t<div class=\"elementor-element elementor-element-5908359 e-con-full e-flex e-con e-child\" data-id=\"5908359\" data-element_type=\"container\" data-e-type=\"container\" data-settings=\"{&quot;background_background&quot;:&quot;classic&quot;}\">\n\t\t\t\t<div class=\"elementor-element elementor-element-3bd5295 elementor-widget elementor-widget-heading\" data-id=\"3bd5295\" data-element_type=\"widget\" data-e-type=\"widget\" data-widget_type=\"heading.default\">\n\t\t\t\t<div class=\"elementor-widget-container\">\n\t\t\t\t\t<h2 class=\"elementor-heading-title elementor-size-default\">Refrigeration Management<\/h2>\t\t\t\t<\/div>\n\t\t\t\t<\/div>\n\t\t\t\t<div class=\"elementor-element elementor-element-09cba8d elementor-widget elementor-widget-jet-listing-dynamic-field\" data-id=\"09cba8d\" data-element_type=\"widget\" data-e-type=\"widget\" data-widget_type=\"jet-listing-dynamic-field.default\">\n\t\t\t\t<div class=\"elementor-widget-container\">\n\t\t\t\t\t<div class=\"jet-listing jet-listing-dynamic-field display-inline\"><div class=\"jet-listing-dynamic-field__inline-wrap\"><p class=\"jet-listing-dynamic-field__content\" >Tackle refrigerant leaks and ice-ups with...<\/p><\/div><\/div>\t\t\t\t<\/div>\n\t\t\t\t<\/div>\n\t\t\t\t<\/div>\n\t\t\t\t<\/div>\n\t\t\t\t<\/div>\n\t\t<a href=\"https:\/\/buenoanalytics.com\/fr\/solution\/refrigerant-leak-refrigeration-ice-ups\/\" class=\"jet-engine-listing-overlay-link\"><\/a><\/div><\/div><div class=\"jet-listing-grid__item jet-listing-dynamic-post-4511\" data-post-id=\"4511\"  ><style type=\"text\/css\">.jet-listing-dynamic-post-4511 .elementor-element.elementor-element-5e67605:not(.elementor-motion-effects-element-type-background), .jet-listing-dynamic-post-4511 .elementor-element.elementor-element-5e67605 > .elementor-motion-effects-container > .elementor-motion-effects-layer{background-image:url(\"https:\/\/buenoanalytics.com\/wp-content\/smush-webp\/2025\/05\/Screenshot-2025-05-26-at-4.06.15\u202fpm.png.webp\");}<\/style><div class=\"jet-engine-listing-overlay-wrap\" data-url=\"https:\/\/buenoanalytics.com\/fr\/solution\/workforce-optimisation-solution-for-grocery\/\">\t\t<div data-elementor-type=\"jet-listing-items\" data-elementor-id=\"935\" class=\"elementor elementor-935\" data-elementor-post-type=\"jet-engine\">\n\t\t\t\t<div class=\"elementor-element elementor-element-fd2deea e-con-full e-flex e-con e-parent\" data-id=\"fd2deea\" data-element_type=\"container\" data-e-type=\"container\">\n\t\t<div class=\"elementor-element elementor-element-5e67605 e-con-full e-flex e-con e-child\" data-id=\"5e67605\" data-element_type=\"container\" data-e-type=\"container\" data-settings=\"{&quot;background_background&quot;:&quot;classic&quot;}\">\n\t\t\t\t<\/div>\n\t\t<div class=\"elementor-element elementor-element-5908359 e-con-full e-flex e-con e-child\" data-id=\"5908359\" data-element_type=\"container\" data-e-type=\"container\" data-settings=\"{&quot;background_background&quot;:&quot;classic&quot;}\">\n\t\t\t\t<div class=\"elementor-element elementor-element-3bd5295 elementor-widget elementor-widget-heading\" data-id=\"3bd5295\" data-element_type=\"widget\" data-e-type=\"widget\" data-widget_type=\"heading.default\">\n\t\t\t\t<div class=\"elementor-widget-container\">\n\t\t\t\t\t<h2 class=\"elementor-heading-title elementor-size-default\">Workforce Optimisation for Grocery<\/h2>\t\t\t\t<\/div>\n\t\t\t\t<\/div>\n\t\t\t\t<div class=\"elementor-element elementor-element-09cba8d elementor-widget elementor-widget-jet-listing-dynamic-field\" data-id=\"09cba8d\" data-element_type=\"widget\" data-e-type=\"widget\" data-widget_type=\"jet-listing-dynamic-field.default\">\n\t\t\t\t<div class=\"elementor-widget-container\">\n\t\t\t\t\t<div class=\"jet-listing jet-listing-dynamic-field display-inline\"><div class=\"jet-listing-dynamic-field__inline-wrap\"><p class=\"jet-listing-dynamic-field__content\" >Bueno\u2019s Workforce Optimisation solution reduces truck...<\/p><\/div><\/div>\t\t\t\t<\/div>\n\t\t\t\t<\/div>\n\t\t\t\t<\/div>\n\t\t\t\t<\/div>\n\t\t\t\t<\/div>\n\t\t<a href=\"https:\/\/buenoanalytics.com\/fr\/solution\/workforce-optimisation-solution-for-grocery\/\" class=\"jet-engine-listing-overlay-link\"><\/a><\/div><\/div><div class=\"jet-listing-grid__item jet-listing-dynamic-post-1853\" data-post-id=\"1853\"  ><style type=\"text\/css\">.jet-listing-dynamic-post-1853 .elementor-element.elementor-element-5e67605:not(.elementor-motion-effects-element-type-background), .jet-listing-dynamic-post-1853 .elementor-element.elementor-element-5e67605 > .elementor-motion-effects-container > .elementor-motion-effects-layer{background-image:url(\"https:\/\/buenoanalytics.com\/wp-content\/smush-webp\/2024\/04\/refrigeration.jpg.webp\");}<\/style><div class=\"jet-engine-listing-overlay-wrap\" data-url=\"https:\/\/buenoanalytics.com\/fr\/solution\/refrigerant-leakage-2\/\">\t\t<div data-elementor-type=\"jet-listing-items\" data-elementor-id=\"935\" class=\"elementor elementor-935\" data-elementor-post-type=\"jet-engine\">\n\t\t\t\t<div class=\"elementor-element elementor-element-fd2deea e-con-full e-flex e-con e-parent\" data-id=\"fd2deea\" data-element_type=\"container\" data-e-type=\"container\">\n\t\t<div class=\"elementor-element elementor-element-5e67605 e-con-full e-flex e-con e-child\" data-id=\"5e67605\" data-element_type=\"container\" data-e-type=\"container\" data-settings=\"{&quot;background_background&quot;:&quot;classic&quot;}\">\n\t\t\t\t<\/div>\n\t\t<div class=\"elementor-element elementor-element-5908359 e-con-full e-flex e-con e-child\" data-id=\"5908359\" data-element_type=\"container\" data-e-type=\"container\" data-settings=\"{&quot;background_background&quot;:&quot;classic&quot;}\">\n\t\t\t\t<div class=\"elementor-element elementor-element-3bd5295 elementor-widget elementor-widget-heading\" data-id=\"3bd5295\" data-element_type=\"widget\" data-e-type=\"widget\" data-widget_type=\"heading.default\">\n\t\t\t\t<div class=\"elementor-widget-container\">\n\t\t\t\t\t<h2 class=\"elementor-heading-title elementor-size-default\">Refrigerant Leakage<\/h2>\t\t\t\t<\/div>\n\t\t\t\t<\/div>\n\t\t\t\t<div class=\"elementor-element elementor-element-09cba8d elementor-widget elementor-widget-jet-listing-dynamic-field\" data-id=\"09cba8d\" data-element_type=\"widget\" data-e-type=\"widget\" data-widget_type=\"jet-listing-dynamic-field.default\">\n\t\t\t\t<div class=\"elementor-widget-container\">\n\t\t\t\t\t<div class=\"jet-listing jet-listing-dynamic-field display-inline\"><div class=\"jet-listing-dynamic-field__inline-wrap\"><p class=\"jet-listing-dynamic-field__content\" >Reduce refrigerant leakage with Bueno Analytics....<\/p><\/div><\/div>\t\t\t\t<\/div>\n\t\t\t\t<\/div>\n\t\t\t\t<\/div>\n\t\t\t\t<\/div>\n\t\t\t\t<\/div>\n\t\t<a href=\"https:\/\/buenoanalytics.com\/fr\/solution\/refrigerant-leakage-2\/\" class=\"jet-engine-listing-overlay-link\"><\/a><\/div><\/div><\/div><\/div>\t\t\t\t<\/div>\n\t\t\t\t<\/div>\n\t\t\t\t\t<\/div>\n\t\t\t\t<\/div>\n\t\t\t\t\t<\/div>\n\t\t\t\t<\/div>\n\t\t\t\t<\/div>\n\t\t","protected":false},"excerpt":{"rendered":"<p>\u00c9picerie : Sc\u00e9narios de cas d'utilisation Accueil S'attaquer aux fuites de r\u00e9frig\u00e9rant et aux glaces avec... R\u00e9duire les fuites de r\u00e9frig\u00e9rant avec Bueno Analytics....<\/p>","protected":false},"author":3,"featured_media":0,"parent":3266,"menu_order":0,"comment_status":"closed","ping_status":"closed","template":"","meta":{"footnotes":""},"class_list":["post-3712","page","type-page","status-publish","hentry"],"_links":{"self":[{"href":"https:\/\/buenoanalytics.com\/fr\/wp-json\/wp\/v2\/pages\/3712"}],"collection":[{"href":"https:\/\/buenoanalytics.com\/fr\/wp-json\/wp\/v2\/pages"}],"about":[{"href":"https:\/\/buenoanalytics.com\/fr\/wp-json\/wp\/v2\/types\/page"}],"author":[{"embeddable":true,"href":"https:\/\/buenoanalytics.com\/fr\/wp-json\/wp\/v2\/users\/3"}],"replies":[{"embeddable":true,"href":"https:\/\/buenoanalytics.com\/fr\/wp-json\/wp\/v2\/comments?post=3712"}],"version-history":[{"count":0,"href":"https:\/\/buenoanalytics.com\/fr\/wp-json\/wp\/v2\/pages\/3712\/revisions"}],"up":[{"embeddable":true,"href":"https:\/\/buenoanalytics.com\/fr\/wp-json\/wp\/v2\/pages\/3266"}],"wp:attachment":[{"href":"https:\/\/buenoanalytics.com\/fr\/wp-json\/wp\/v2\/media?parent=3712"}],"curies":[{"name":"wp","href":"https:\/\/api.w.org\/{rel}","templated":true}]}}