{"id":1785,"date":"2024-08-14T20:05:01","date_gmt":"2024-08-14T10:05:01","guid":{"rendered":"https:\/\/buenoanalytics.com\/bueno-video-usnl-copy\/"},"modified":"2025-09-19T14:02:03","modified_gmt":"2025-09-19T04:02:03","slug":"video-bueno-6","status":"publish","type":"page","link":"https:\/\/buenoanalytics.com\/fr\/bueno-video-french-frnl\/","title":{"rendered":"Bueno Platform Explainer Video - FRENCH (FRNL)"},"content":{"rendered":"<div data-elementor-type=\"wp-page\" data-elementor-id=\"1785\" class=\"elementor elementor-1785\" data-elementor-post-type=\"page\">\n\t\t\t\t<div class=\"elementor-element elementor-element-9ed5065 e-flex e-con-boxed e-con e-parent\" data-id=\"9ed5065\" data-element_type=\"container\" data-e-type=\"container\">\n\t\t\t\t\t<div class=\"e-con-inner\">\n\t\t<div class=\"elementor-element elementor-element-626d65f e-flex e-con-boxed e-con e-child\" data-id=\"626d65f\" data-element_type=\"container\" data-e-type=\"container\">\n\t\t\t\t\t<div class=\"e-con-inner\">\n\t\t\t\t<div class=\"elementor-element elementor-element-516d794 elementor-widget elementor-widget-global elementor-global-649 elementor-widget-jet-breadcrumbs\" data-id=\"516d794\" data-element_type=\"widget\" data-e-type=\"widget\" data-widget_type=\"jet-breadcrumbs.default\">\n\t\t\t\t<div class=\"elementor-widget-container\">\n\t\t\t\t\t<div class=\"elementor-jet-breadcrumbs jet-blocks\">\n\t\t<div class=\"jet-breadcrumbs\">\n\t\t<div class=\"jet-breadcrumbs__content\">\n\t\t<div class=\"jet-breadcrumbs__wrap\"><div class=\"jet-breadcrumbs__item\"><a href=\"https:\/\/buenoanalytics.com\/fr\/\" class=\"jet-breadcrumbs__item-link is-home\" rel=\"home\" title=\"Accueil\">Accueil<\/a><\/div>\n\t\t<\/div>\n\t\t<\/div>\n\t\t<\/div><\/div>\t\t\t\t<\/div>\n\t\t\t\t<\/div>\n\t\t\t\t\t<\/div>\n\t\t\t\t<\/div>\n\t\t\t\t\t<\/div>\n\t\t\t\t<\/div>\n\t\t<div class=\"elementor-element elementor-element-37c605f e-flex e-con-boxed e-con e-parent\" data-id=\"37c605f\" data-element_type=\"container\" data-e-type=\"container\">\n\t\t\t\t\t<div class=\"e-con-inner\">\n\t\t\t\t<div class=\"elementor-element elementor-element-edce9c5 elementor-widget elementor-widget-video\" data-id=\"edce9c5\" data-element_type=\"widget\" data-e-type=\"widget\" data-settings=\"{&quot;video_type&quot;:&quot;vimeo&quot;,&quot;autoplay&quot;:&quot;yes&quot;,&quot;mute&quot;:&quot;yes&quot;,&quot;loop&quot;:&quot;yes&quot;}\" data-widget_type=\"video.default\">\n\t\t\t\t<div class=\"elementor-widget-container\">\n\t\t\t\t\t\t\t<div class=\"elementor-wrapper elementor-open-inline\">\n\t\t\t<iframe class=\"elementor-video-iframe\" allowfullscreen allow=\"autoplay\" title=\"vimeo Video Player\" src=\"https:\/\/player.vimeo.com\/video\/954673403?autoplay=1&amp;color&amp;autopause=0&amp;loop=1&amp;muted=1&amp;title=0&amp;portrait=0&amp;byline=0#t=\" data-no-translation-title=\"\" loading=\"lazy\"><\/iframe>\t\t<\/div>\n\t\t\t\t\t\t<\/div>\n\t\t\t\t<\/div>\n\t\t\t\t\t<\/div>\n\t\t\t\t<\/div>\n\t\t<div class=\"elementor-element elementor-element-7a2d085 e-flex e-con-boxed e-con e-parent\" data-id=\"7a2d085\" data-element_type=\"container\" data-e-type=\"container\">\n\t\t\t\t\t<div class=\"e-con-inner\">\n\t\t<div class=\"elementor-element elementor-element-35d0133 e-flex e-con-boxed e-con e-child\" data-id=\"35d0133\" data-element_type=\"container\" data-e-type=\"container\">\n\t\t\t\t\t<div class=\"e-con-inner\">\n\t\t\t\t<div class=\"elementor-element elementor-element-f640297 elementor-widget elementor-widget-heading\" data-id=\"f640297\" data-element_type=\"widget\" data-e-type=\"widget\" data-widget_type=\"heading.default\">\n\t\t\t\t<div class=\"elementor-widget-container\">\n\t\t\t\t\t<span class=\"elementor-heading-title elementor-size-default\">Pr\u00e9sentation de la plateforme bueno<\/span>\t\t\t\t<\/div>\n\t\t\t\t<\/div>\n\t\t\t\t<div class=\"elementor-element elementor-element-8a4b1a9 elementor-widget elementor-widget-heading\" data-id=\"8a4b1a9\" data-element_type=\"widget\" data-e-type=\"widget\" data-widget_type=\"heading.default\">\n\t\t\t\t<div class=\"elementor-widget-container\">\n\t\t\t\t\t<h1 class=\"elementor-heading-title elementor-size-default\">Optimisez les performances avec la plateforme d'analyse de Bueno<\/h1>\t\t\t\t<\/div>\n\t\t\t\t<\/div>\n\t\t\t\t<div class=\"elementor-element elementor-element-aa718ba elementor-widget__width-initial elementor-widget elementor-widget-text-editor\" data-id=\"aa718ba\" data-element_type=\"widget\" data-e-type=\"widget\" data-widget_type=\"text-editor.default\">\n\t\t\t\t<div class=\"elementor-widget-container\">\n\t\t\t\t\t\t\t\t\t<p>La plateforme Smart Building Analytics de Bueno donnera \u00e0 votre \u00e9quipe la possibilit\u00e9 d'optimiser les performances de vos b\u00e2timents. Nous nous connectons \u00e0 tous vos \u00e9quipements, identifiant les d\u00e9fauts et les opportunit\u00e9s pour maximiser les performances, tout en luttant contre la crise climatique.<\/p>\t\t\t\t\t\t\t\t<\/div>\n\t\t\t\t<\/div>\n\t\t\t\t<div class=\"elementor-element elementor-element-aa82751 elementor-view-default elementor-widget elementor-widget-icon\" data-id=\"aa82751\" data-element_type=\"widget\" data-e-type=\"widget\" data-widget_type=\"icon.default\">\n\t\t\t\t<div class=\"elementor-widget-container\">\n\t\t\t\t\t\t\t<div class=\"elementor-icon-wrapper\">\n\t\t\t<a class=\"elementor-icon\" href=\"#next\">\n\t\t\t<svg xmlns=\"http:\/\/www.w3.org\/2000\/svg\" width=\"58\" height=\"43\" viewbox=\"0 0 58 43\" fill=\"none\"><path d=\"M28.9985 43L43.49 28.6779L58 14.3405L43.49 -6.34254e-07L28.9985 14.3221L14.5069 -1.90114e-06L-4.44154e-06 14.3405L14.5069 28.6779L28.9985 43Z\" fill=\"#77E870\"><\/path><\/svg>\t\t\t<\/a>\n\t\t<\/div>\n\t\t\t\t\t\t<\/div>\n\t\t\t\t<\/div>\n\t\t\t\t\t<\/div>\n\t\t\t\t<\/div>\n\t\t\t\t\t<\/div>\n\t\t\t\t<\/div>\n\t\t\t\t<\/div>","protected":false},"excerpt":{"rendered":"<p>Home Pr\u00e9sentation de la plateforme bueno Optimisez les performances avec la plateforme d&#8217;analyse de Bueno La plateforme Smart Building Analytics de Bueno donnera \u00e0 votre \u00e9quipe la possibilit\u00e9 d&#8217;optimiser les performances de vos b\u00e2timents. Nous nous connectons \u00e0 tous vos \u00e9quipements, identifiant les d\u00e9fauts et les opportunit\u00e9s pour maximiser les performances, tout en luttant contre [&hellip;]<\/p>\n","protected":false},"author":8,"featured_media":499,"parent":0,"menu_order":0,"comment_status":"closed","ping_status":"closed","template":"","meta":{"footnotes":""},"class_list":["post-1785","page","type-page","status-publish","has-post-thumbnail","hentry"],"_links":{"self":[{"href":"https:\/\/buenoanalytics.com\/fr\/wp-json\/wp\/v2\/pages\/1785"}],"collection":[{"href":"https:\/\/buenoanalytics.com\/fr\/wp-json\/wp\/v2\/pages"}],"about":[{"href":"https:\/\/buenoanalytics.com\/fr\/wp-json\/wp\/v2\/types\/page"}],"author":[{"embeddable":true,"href":"https:\/\/buenoanalytics.com\/fr\/wp-json\/wp\/v2\/users\/8"}],"replies":[{"embeddable":true,"href":"https:\/\/buenoanalytics.com\/fr\/wp-json\/wp\/v2\/comments?post=1785"}],"version-history":[{"count":0,"href":"https:\/\/buenoanalytics.com\/fr\/wp-json\/wp\/v2\/pages\/1785\/revisions"}],"wp:featuredmedia":[{"embeddable":true,"href":"https:\/\/buenoanalytics.com\/fr\/wp-json\/wp\/v2\/media\/499"}],"wp:attachment":[{"href":"https:\/\/buenoanalytics.com\/fr\/wp-json\/wp\/v2\/media?parent=1785"}],"curies":[{"name":"wp","href":"https:\/\/api.w.org\/{rel}","templated":true}]}}