{"id":1340,"date":"2024-03-28T14:59:34","date_gmt":"2024-03-28T06:59:34","guid":{"rendered":"https:\/\/buenoanalytics.com\/privacy-policy-copy\/"},"modified":"2025-09-15T13:23:52","modified_gmt":"2025-09-15T03:23:52","slug":"video-bueno-2","status":"publish","type":"page","link":"https:\/\/buenoanalytics.com\/fr\/bueno-video-aunl\/","title":{"rendered":"Bueno Platform Explainer Video | Building Analytics Overview"},"content":{"rendered":"<div data-elementor-type=\"wp-page\" data-elementor-id=\"1340\" class=\"elementor elementor-1340\" data-elementor-post-type=\"page\">\n\t\t\t\t<div class=\"elementor-element elementor-element-9ed5065 e-flex e-con-boxed e-con e-parent\" data-id=\"9ed5065\" data-element_type=\"container\" data-e-type=\"container\">\n\t\t\t\t\t<div class=\"e-con-inner\">\n\t\t<div class=\"elementor-element elementor-element-626d65f e-flex e-con-boxed e-con e-child\" data-id=\"626d65f\" data-element_type=\"container\" data-e-type=\"container\">\n\t\t\t\t\t<div class=\"e-con-inner\">\n\t\t\t\t<div class=\"elementor-element elementor-element-516d794 elementor-widget elementor-widget-global elementor-global-649 elementor-widget-jet-breadcrumbs\" data-id=\"516d794\" data-element_type=\"widget\" data-e-type=\"widget\" data-widget_type=\"jet-breadcrumbs.default\">\n\t\t\t\t<div class=\"elementor-widget-container\">\n\t\t\t\t\t<div class=\"elementor-jet-breadcrumbs jet-blocks\">\n\t\t<div class=\"jet-breadcrumbs\">\n\t\t<div class=\"jet-breadcrumbs__content\">\n\t\t<div class=\"jet-breadcrumbs__wrap\"><div class=\"jet-breadcrumbs__item\"><a href=\"https:\/\/buenoanalytics.com\/fr\/\" class=\"jet-breadcrumbs__item-link is-home\" rel=\"home\" title=\"Accueil\">Accueil<\/a><\/div>\n\t\t<\/div>\n\t\t<\/div>\n\t\t<\/div><\/div>\t\t\t\t<\/div>\n\t\t\t\t<\/div>\n\t\t\t\t\t<\/div>\n\t\t\t\t<\/div>\n\t\t\t\t\t<\/div>\n\t\t\t\t<\/div>\n\t\t<div class=\"elementor-element elementor-element-37c605f e-flex e-con-boxed e-con e-parent\" data-id=\"37c605f\" data-element_type=\"container\" data-e-type=\"container\">\n\t\t\t\t\t<div class=\"e-con-inner\">\n\t\t\t\t<div class=\"elementor-element elementor-element-6e7a822 elementor-widget elementor-widget-heading\" data-id=\"6e7a822\" data-element_type=\"widget\" data-e-type=\"widget\" data-widget_type=\"heading.default\">\n\t\t\t\t<div class=\"elementor-widget-container\">\n\t\t\t\t\t<h1 class=\"elementor-heading-title elementor-size-default\">Vid\u00e9o explicative : Comment Bueno optimise la performance des b\u00e2timents<\/h1>\t\t\t\t<\/div>\n\t\t\t\t<\/div>\n\t\t\t\t<div class=\"elementor-element elementor-element-edce9c5 elementor-widget elementor-widget-video\" data-id=\"edce9c5\" data-element_type=\"widget\" data-e-type=\"widget\" data-settings=\"{&quot;video_type&quot;:&quot;vimeo&quot;,&quot;autoplay&quot;:&quot;yes&quot;,&quot;mute&quot;:&quot;yes&quot;,&quot;loop&quot;:&quot;yes&quot;}\" data-widget_type=\"video.default\">\n\t\t\t\t<div class=\"elementor-widget-container\">\n\t\t\t\t\t\t\t<div class=\"elementor-wrapper elementor-open-inline\">\n\t\t\t<iframe class=\"elementor-video-iframe\" allowfullscreen allow=\"autoplay\" title=\"vimeo Lecteur vid\u00e9o\" src=\"https:\/\/player.vimeo.com\/video\/938405073?autoplay=1&amp;color&amp;autopause=0&amp;loop=1&amp;muted=1&amp;title=0&amp;portrait=0&amp;byline=0#t=\" data-no-translation-title=\"\" loading=\"lazy\"><\/iframe>\t\t<\/div>\n\t\t\t\t\t\t<\/div>\n\t\t\t\t<\/div>\n\t\t\t\t\t<\/div>\n\t\t\t\t<\/div>\n\t\t<div class=\"elementor-element elementor-element-7a2d085 e-flex e-con-boxed e-con e-parent\" data-id=\"7a2d085\" data-element_type=\"container\" data-e-type=\"container\">\n\t\t\t\t\t<div class=\"e-con-inner\">\n\t\t<div class=\"elementor-element elementor-element-35d0133 e-flex e-con-boxed e-con e-child\" data-id=\"35d0133\" data-element_type=\"container\" data-e-type=\"container\">\n\t\t\t\t\t<div class=\"e-con-inner\">\n\t\t\t\t<div class=\"elementor-element elementor-element-f640297 elementor-widget elementor-widget-heading\" data-id=\"f640297\" data-element_type=\"widget\" data-e-type=\"widget\" data-widget_type=\"heading.default\">\n\t\t\t\t<div class=\"elementor-widget-container\">\n\t\t\t\t\t<h3 class=\"elementor-heading-title elementor-size-default\">Vid\u00e9o explicative\n<\/h3>\t\t\t\t<\/div>\n\t\t\t\t<\/div>\n\t\t\t\t<div class=\"elementor-element elementor-element-8a4b1a9 elementor-widget elementor-widget-heading\" data-id=\"8a4b1a9\" data-element_type=\"widget\" data-e-type=\"widget\" data-widget_type=\"heading.default\">\n\t\t\t\t<div class=\"elementor-widget-container\">\n\t\t\t\t\t<h2 class=\"elementor-heading-title elementor-size-default\">Optimiser les performances avec la plateforme analytique de Bueno<\/h2>\t\t\t\t<\/div>\n\t\t\t\t<\/div>\n\t\t\t\t<div class=\"elementor-element elementor-element-aa718ba elementor-widget__width-initial elementor-widget elementor-widget-text-editor\" data-id=\"aa718ba\" data-element_type=\"widget\" data-e-type=\"widget\" data-widget_type=\"text-editor.default\">\n\t\t\t\t<div class=\"elementor-widget-container\">\n\t\t\t\t\t\t\t\t\t<p><a href=\"https:\/\/buenoanalytics.com\/fr\/\">La plateforme Smart Building Analytics de Bueno<\/a>\u00a0donnera \u00e0 votre \u00e9quipe la possibilit\u00e9 d'optimiser les performances de vos b\u00e2timents. Nous nous connectons \u00e0 tous vos \u00e9quipements, identifions les pannes et les possibilit\u00e9s d'optimisation, tout en luttant contre la crise climatique.<\/p>\t\t\t\t\t\t\t\t<\/div>\n\t\t\t\t<\/div>\n\t\t\t\t<div class=\"elementor-element elementor-element-aa82751 elementor-view-default elementor-widget elementor-widget-icon\" data-id=\"aa82751\" data-element_type=\"widget\" data-e-type=\"widget\" data-widget_type=\"icon.default\">\n\t\t\t\t<div class=\"elementor-widget-container\">\n\t\t\t\t\t\t\t<div class=\"elementor-icon-wrapper\">\n\t\t\t<a class=\"elementor-icon\" href=\"#next\">\n\t\t\t<svg xmlns=\"http:\/\/www.w3.org\/2000\/svg\" width=\"58\" height=\"43\" viewbox=\"0 0 58 43\" fill=\"none\"><path d=\"M28.9985 43L43.49 28.6779L58 14.3405L43.49 -6.34254e-07L28.9985 14.3221L14.5069 -1.90114e-06L-4.44154e-06 14.3405L14.5069 28.6779L28.9985 43Z\" fill=\"#77E870\"><\/path><\/svg>\t\t\t<\/a>\n\t\t<\/div>\n\t\t\t\t\t\t<\/div>\n\t\t\t\t<\/div>\n\t\t\t\t\t<\/div>\n\t\t\t\t<\/div>\n\t\t\t\t\t<\/div>\n\t\t\t\t<\/div>\n\t\t<div class=\"elementor-element elementor-element-4eb1d8d e-flex e-con-boxed e-con e-child\" data-id=\"4eb1d8d\" data-element_type=\"container\" data-e-type=\"container\">\n\t\t\t\t\t<div class=\"e-con-inner\">\n\t\t<div class=\"elementor-element elementor-element-8384e22 e-flex e-con-boxed e-con e-child\" data-id=\"8384e22\" data-element_type=\"container\" data-e-type=\"container\">\n\t\t\t\t\t<div class=\"e-con-inner\">\n\t\t\t\t<div class=\"elementor-element elementor-element-fdb9b26 elementor-flip-box--effect-fade elementor-widget elementor-widget-flip-box\" data-id=\"fdb9b26\" data-element_type=\"widget\" data-e-type=\"widget\" data-widget_type=\"flip-box.default\">\n\t\t\t\t<div class=\"elementor-widget-container\">\n\t\t\t\t\t\t\t<div class=\"elementor-flip-box\" tabindex=\"0\">\n\t\t\t<div class=\"elementor-flip-box__layer elementor-flip-box__front\">\n\t\t\t\t<div class=\"elementor-flip-box__layer__overlay\">\n\t\t\t\t\t<div class=\"elementor-flip-box__layer__inner\">\n\t\t\t\t\t\t\t\t\t\t\t\t\t<div class=\"elementor-icon-wrapper elementor-view-default\">\n\t\t\t\t\t\t\t\t<div class=\"elementor-icon\">\n\t\t\t\t\t\t\t\t\t<svg xmlns=\"http:\/\/www.w3.org\/2000\/svg\" xmlns:xlink=\"http:\/\/www.w3.org\/1999\/xlink\" id=\"Layer_1\" x=\"0px\" y=\"0px\" viewbox=\"0 0 41 49\" style=\"enable-background:new 0 0 41 49;\" xml:space=\"preserve\"><style type=\"text\/css\">\t.test0{fill-rule:evenodd;clip-rule:evenodd;fill:#05714D;}\t.test1{fill-rule:evenodd;clip-rule:evenodd;}<\/style><path class=\"st0\" d=\"M11.9,18.2c0.2,0.2,0.2,0.6,0,0.8c-2.3,2.2-3.7,5.3-3.7,8.8c0,6.8,5.5,12.3,12.3,12.3c6.8,0,12.3-5.5,12.3-12.3 c0-2.6-0.8-5.1-2.2-7c-0.2-0.3-0.1-0.6,0.1-0.8c0.3-0.2,0.6-0.1,0.8,0.1c1.5,2.2,2.4,4.8,2.4,7.7c0,7.5-6,13.5-13.5,13.5 c-7.4,0-13.5-6-13.5-13.5c0-3.8,1.5-7.2,4-9.6C11.3,17.9,11.7,17.9,11.9,18.2z\"><\/path><path class=\"test0\" d=\"M12,13.9c0.1,0.3,0,0.6-0.3,0.8c-2,0.9-4.2,1.1-6.3,0.6c0,0,0,0,0,0l-0.7-0.2l-3,5.2l0.5,0.5 c1.8,1.8,2.7,4.3,2.7,6.8v0.1c0,2.5-0.9,5-2.7,6.8l0,0l-0.5,0.5l3,5.2l0.7-0.2c2.5-0.6,5-0.2,7.2,1.1c0,0,0,0,0,0c0,0,0,0,0,0l0,0 l0,0l0,0l0,0c2.2,1.3,3.9,3.3,4.6,5.7l0,0l0.2,0.7h6l0.2-0.7c0.7-2.4,2.4-4.5,4.5-5.7l0.1-0.1h0.1c2.2-1.2,4.7-1.6,7.2-1l0,0 l0.7,0.2l3-5.2l-0.5-0.5l0,0c-1.8-1.8-2.7-4.3-2.7-6.8v-0.1c0-2.5,0.9-5,2.7-6.8l0.5-0.5l-3-5.2l-0.7,0.2c0,0,0,0,0,0 c-0.7,0.2-1.5,0.3-2.2,0.3c-0.3,0-0.6-0.3-0.6-0.6c0-0.3,0.3-0.6,0.6-0.6c0.7,0,1.3-0.1,1.9-0.2l1.6-0.4l3.9,6.7l-1.1,1.2 c0,0,0,0,0,0c-1.5,1.6-2.4,3.8-2.4,6v0.1v0c0,2.3,0.8,4.4,2.4,6c0,0,0,0,0,0l1.1,1.2l-3.9,6.7l-1.6-0.4c0,0,0,0,0,0 c-2.1-0.5-4.4-0.2-6.4,0.9c0,0,0,0,0,0c0,0,0,0,0,0c0,0-0.1,0-0.1,0.1c-1.9,1.1-3.4,2.9-4,5c0,0,0,0,0,0l-0.4,1.5h-7.8l-0.4-1.5 c0,0,0,0,0,0c-0.6-2.1-2.1-3.9-4-5.1c0,0,0,0,0,0c0,0,0,0,0,0c0,0,0,0,0,0l0,0l0,0l0,0c-1.9-1.1-4.2-1.5-6.4-1c0,0,0,0,0,0l-1.6,0.4 L0.3,35l1.1-1.2c0,0,0,0,0,0c1.5-1.6,2.4-3.8,2.4-6v-0.1v0c0-2.3-0.8-4.4-2.4-6c0,0,0,0,0,0l-1.1-1.2l3.9-6.7l1.6,0.4l0,0 c1.9,0.5,3.8,0.3,5.5-0.5C11.6,13.5,11.9,13.7,12,13.9z M28.3,41.4C28.3,41.4,28.3,41.4,28.3,41.4L28.3,41.4z M28.3,41.4 C28.3,41.4,28.3,41.4,28.3,41.4L28.3,41.4z\"><\/path><path class=\"test1\" d=\"M14.1,1c0-0.3,0.3-0.5,0.6-0.5h12c0.2,0,0.3,0.1,0.5,0.2c0.1,0.1,0.1,0.3,0.1,0.5l-2.5,10.1 c-0.2,0.9,0.4,1.7,1.3,1.7h3.1c2.3,0,3.6,2.6,2.2,4.4c0,0,0,0,0,0L18.2,35.5c-0.2,0.2-0.5,0.3-0.7,0.2c-0.3-0.1-0.4-0.4-0.3-0.7 l3.3-12.7c0,0,0,0,0,0c0.2-0.9-0.4-1.7-1.3-1.7h-5.3c-0.1,0-0.3,0-0.4-0.1l0,0c-0.2-0.1-0.4-0.4-0.3-0.7c0,0,0,0,0,0L14.1,1z  M14.3,19.5h4.8c1.7,0,2.8,1.6,2.4,3.2l-2.5,9.7l11.4-15.7l0,0c0.8-1.1,0-2.6-1.3-2.6h-3.1c-1.7,0-2.9-1.6-2.5-3.2c0,0,0,0,0,0 L26,1.6H15.3L14.3,19.5z\"><\/path><\/svg>\t\t\t\t\t\t\t\t<\/div>\n\t\t\t\t\t\t\t<\/div>\n\t\t\t\t\t\t\n\t\t\t\t\t\t\t\t\t\t\t\t\t<h3 class=\"elementor-flip-box__layer__title\">\n\t\t\t\t\t\t\t\tGestion de l'\u00e9nergie\t\t\t\t\t\t\t<\/h3>\n\t\t\t\t\t\t\n\t\t\t\t\t\t\t\t\t\t\t\t\t<div class=\"elementor-flip-box__layer__description\">\n\t\t\t\t\t\t\t\tSurveille et compare la consommation d'\u00e9nergie et d'eau des actifs, identifie les points cl\u00e9s, analyse la pr\u00e9cision des donn\u00e9es des compteurs et augmente le temps de disponibilit\u00e9 des donn\u00e9es des compteurs.\t\t\t\t\t\t\t<\/div>\n\t\t\t\t\t\t\t\t\t\t\t<\/div>\n\t\t\t\t<\/div>\n\t\t\t<\/div>\n\t\t\t<a class=\"elementor-flip-box__layer elementor-flip-box__back\" href=\"https:\/\/buenoanalytics.com\/fr\/gestion-de-lenergie\/\">\n\t\t\t<div class=\"elementor-flip-box__layer__overlay\">\n\t\t\t\t<div class=\"elementor-flip-box__layer__inner\">\n\t\t\t\t\t\t\t\t\t\t\t<h3 class=\"elementor-flip-box__layer__title\">\n\t\t\t\t\t\t\tGestion de l'\u00e9nergie\u00a0\t\t\t\t\t\t<\/h3>\n\t\t\t\t\t\n\t\t\t\t\t\t\t\t\t\t\t<div class=\"elementor-flip-box__layer__description\">\n\t\t\t\t\t\t\tSurveille et analyse les compteurs et les syst\u00e8mes de mesure de la consommation d'\u00e9lectricit\u00e9, d'eau et de gaz. L'analyse de la gestion de l'\u00e9nergie de Bueno identifie les d\u00e9fauts des compteurs, les \u00e9carts d'\u00e9nergie des actifs et les inefficacit\u00e9s, ce qui permet d'identifier les principaux risques\/probl\u00e8mes de consommation. Un nettoyage sophistiqu\u00e9 des donn\u00e9es relatives \u00e0 l'\u00e9nergie et \u00e0 l'eau est appliqu\u00e9, ce qui est essentiel pour la production de rapports fiables sur l'\u00e9nergie et l'eau.\t\t\t\t\t\t<\/div>\n\t\t\t\t\t\n\t\t\t\t\t\t\t\t\t\t\t<span class=\"elementor-flip-box__button elementor-button elementor-size-sm\">\n\t\t\t\t\t\t\tEn savoir plus <i class=\"fa-regular fa-arrow-right\"><\/i>\t\t\t\t\t\t<\/span>\n\t\t\t\t\t\t\t\t<\/div>\n\t\t<\/div>\n\t\t<\/a>\n\t\t<\/div>\n\t\t\t\t\t\t<\/div>\n\t\t\t\t<\/div>\n\t\t\t\t<div class=\"elementor-element elementor-element-f3a1a71 elementor-flip-box--effect-fade elementor-widget elementor-widget-flip-box\" data-id=\"f3a1a71\" data-element_type=\"widget\" data-e-type=\"widget\" data-widget_type=\"flip-box.default\">\n\t\t\t\t<div class=\"elementor-widget-container\">\n\t\t\t\t\t\t\t<div class=\"elementor-flip-box\" tabindex=\"0\">\n\t\t\t<div class=\"elementor-flip-box__layer elementor-flip-box__front\">\n\t\t\t\t<div class=\"elementor-flip-box__layer__overlay\">\n\t\t\t\t\t<div class=\"elementor-flip-box__layer__inner\">\n\t\t\t\t\t\t\t\t\t\t\t\t\t<div class=\"elementor-icon-wrapper elementor-view-default\">\n\t\t\t\t\t\t\t\t<div class=\"elementor-icon\">\n\t\t\t\t\t\t\t\t\t<svg xmlns=\"http:\/\/www.w3.org\/2000\/svg\" xmlns:xlink=\"http:\/\/www.w3.org\/1999\/xlink\" id=\"Layer_1\" x=\"0px\" y=\"0px\" viewbox=\"0 0 45 44\" style=\"enable-background:new 0 0 45 44;\" xml:space=\"preserve\"><style type=\"text\/css\">\t.st0{fill-rule:evenodd;clip-rule:evenodd;fill:#05714D;}\t.st1{fill-rule:evenodd;clip-rule:evenodd;fill:#020202;}\t.st2{fill-rule:evenodd;clip-rule:evenodd;fill:#94E47F;}<\/style><path class=\"st0\" d=\"M4.2,1.6c-1.4,0-2.6,1.2-2.6,2.6v25.4c0,1.4,1.2,2.6,2.6,2.6h36.4c1.4,0,2.6-1.2,2.6-2.6V4.2 c0-1.4-1.2-2.6-2.6-2.6H4.2z M0.4,4.2c0-2.1,1.7-3.8,3.8-3.8h36.4c2.1,0,3.8,1.7,3.8,3.8v25.4c0,2.1-1.7,3.8-3.8,3.8H4.2 c-2.1,0-3.8-1.7-3.8-3.8V4.2z\"><\/path><path class=\"st1\" d=\"M5.7,6.2c0-0.3,0.3-0.6,0.6-0.6h32.3c0.3,0,0.6,0.3,0.6,0.6v21.3c0,0.3-0.3,0.6-0.6,0.6H6.2 c-0.3,0-0.6-0.3-0.6-0.6V6.2z M6.8,6.8v20.1H38V6.8H6.8z\"><\/path><path class=\"st0\" d=\"M9.1,37.3c-1,0-1.8,0.8-1.8,1.8v2c0,1,0.8,1.7,1.8,1.7h26.6c1,0,1.7-0.8,1.7-1.7v-2c0-1-0.8-1.8-1.7-1.8H9.1z  M6.2,39.1c0-1.6,1.3-2.9,2.9-2.9h26.6c1.6,0,2.9,1.3,2.9,2.9v2c0,1.6-1.3,2.9-2.9,2.9H9.1c-1.6,0-2.9-1.3-2.9-2.9V39.1z\"><\/path><path class=\"st0\" d=\"M22.4,32.2c0.3,0,0.6,0.3,0.6,0.6v4c0,0.3-0.3,0.6-0.6,0.6c-0.3,0-0.6-0.3-0.6-0.6v-4 C21.8,32.4,22.1,32.2,22.4,32.2z\"><\/path><path class=\"st2\" d=\"M28.5,10.4l1.9,6.7l0.9,3.4l1.5-3.8h3.4c0.3,0,0.6,0.3,0.6,0.6s-0.3,0.6-0.6,0.6h-2.6l-2.5,6.3l-1.9-6.7l0,0 l-0.9-3.4L27,17.5c-0.1,0.3-0.5,0.4-0.8,0.3c-0.3-0.1-0.4-0.5-0.3-0.8L28.5,10.4z\"><\/path><path class=\"st2\" d=\"M20.9,10.8l2.3,5.9h3.2c0.3,0,0.6,0.3,0.6,0.6s-0.3,0.6-0.6,0.6h-4l-1.3-3.4l-2.6,9.2l-2.3-5.9h-2.3 c-0.3,0-0.6-0.3-0.6-0.6s0.3-0.6,0.6-0.6H17l1.3,3.4L20.9,10.8z\"><\/path><path class=\"st2\" d=\"M8.3,17.2c0-0.3,0.3-0.6,0.6-0.6h2.2c0.3,0,0.6,0.3,0.6,0.6s-0.3,0.6-0.6,0.6H8.9C8.6,17.8,8.3,17.6,8.3,17.2z\"><\/path><\/svg>\t\t\t\t\t\t\t\t<\/div>\n\t\t\t\t\t\t\t<\/div>\n\t\t\t\t\t\t\n\t\t\t\t\t\t\t\t\t\t\t\t\t<h3 class=\"elementor-flip-box__layer__title\">\n\t\t\t\t\t\t\t\tD\u00e9tection d'erreurs et diagnostic (FDD)\t\t\t\t\t\t\t<\/h3>\n\t\t\t\t\t\t\n\t\t\t\t\t\t\t\t\t\t\t\t\t<div class=\"elementor-flip-box__layer__description\">\n\t\t\t\t\t\t\t\tIdentifie les probl\u00e8mes li\u00e9s \u00e0 l'\u00e9quipement et au fonctionnement des b\u00e2timents, ce qui est essentiel pour la fourniture d'une maintenance pilot\u00e9e par les donn\u00e9es.\t\t\t\t\t\t\t<\/div>\n\t\t\t\t\t\t\t\t\t\t\t<\/div>\n\t\t\t\t<\/div>\n\t\t\t<\/div>\n\t\t\t<a class=\"elementor-flip-box__layer elementor-flip-box__back\" href=\"https:\/\/buenoanalytics.com\/fr\/bueno-detection-des-defauts-diagnostic\/\">\n\t\t\t<div class=\"elementor-flip-box__layer__overlay\">\n\t\t\t\t<div class=\"elementor-flip-box__layer__inner\">\n\t\t\t\t\t\t\t\t\t\t\t<h3 class=\"elementor-flip-box__layer__title\">\n\t\t\t\t\t\t\tD\u00e9tection d'erreurs et diagnostic (FDD)\t\t\t\t\t\t<\/h3>\n\t\t\t\t\t\n\t\t\t\t\t\t\t\t\t\t\t<div class=\"elementor-flip-box__layer__description\">\n\t\t\t\t\t\t\tIl se concentre sur l'identification des pannes d'\u00e9quipement, des d\u00e9viations op\u00e9rationnelles et des inefficacit\u00e9s mineures dans les diff\u00e9rents syst\u00e8mes op\u00e9rationnels du b\u00e2timent. Le module analyse les donn\u00e9es et fournit des solutions exploitables pour les services du site, les Facility Managers et les entrepreneurs.\t\t\t\t\t\t<\/div>\n\t\t\t\t\t\n\t\t\t\t\t\t\t\t\t\t\t<span class=\"elementor-flip-box__button elementor-button elementor-size-sm\">\n\t\t\t\t\t\t\tEn savoir plus <i class=\"fa-regular fa-arrow-right\"><\/i>\t\t\t\t\t\t<\/span>\n\t\t\t\t\t\t\t\t<\/div>\n\t\t<\/div>\n\t\t<\/a>\n\t\t<\/div>\n\t\t\t\t\t\t<\/div>\n\t\t\t\t<\/div>\n\t\t\t\t<div class=\"elementor-element elementor-element-2acf924 elementor-flip-box--effect-fade elementor-widget elementor-widget-flip-box\" data-id=\"2acf924\" data-element_type=\"widget\" data-e-type=\"widget\" data-widget_type=\"flip-box.default\">\n\t\t\t\t<div class=\"elementor-widget-container\">\n\t\t\t\t\t\t\t<div class=\"elementor-flip-box\" tabindex=\"0\">\n\t\t\t<div class=\"elementor-flip-box__layer elementor-flip-box__front\">\n\t\t\t\t<div class=\"elementor-flip-box__layer__overlay\">\n\t\t\t\t\t<div class=\"elementor-flip-box__layer__inner\">\n\t\t\t\t\t\t\t\t\t\t\t\t\t<div class=\"elementor-icon-wrapper elementor-view-default\">\n\t\t\t\t\t\t\t\t<div class=\"elementor-icon\">\n\t\t\t\t\t\t\t\t\t<svg xmlns=\"http:\/\/www.w3.org\/2000\/svg\" xmlns:xlink=\"http:\/\/www.w3.org\/1999\/xlink\" id=\"Layer_1\" x=\"0px\" y=\"0px\" viewbox=\"0 0 38 50\" style=\"enable-background:new 0 0 38 50;\" xml:space=\"preserve\"><style type=\"text\/css\">\t.st0{fill-rule:evenodd;clip-rule:evenodd;}\t.st1{fill-rule:evenodd;clip-rule:evenodd;fill:#05714D;}<\/style><path class=\"st0\" d=\"M29.7,34.1c0-0.3,0.3-0.6,0.6-0.6h1.5c0.3,0,0.6,0.3,0.6,0.6c0,0.3-0.3,0.6-0.6,0.6h-1.5 C30,34.6,29.7,34.4,29.7,34.1z\"><\/path><path class=\"st0\" d=\"M29.7,37.2c0-0.3,0.3-0.6,0.6-0.6h1.5c0.3,0,0.6,0.3,0.6,0.6c0,0.3-0.3,0.6-0.6,0.6h-1.5 C30,37.8,29.7,37.5,29.7,37.2z\"><\/path><path class=\"st0\" d=\"M29.7,40.4c0-0.3,0.3-0.6,0.6-0.6h1.5c0.3,0,0.6,0.3,0.6,0.6c0,0.3-0.3,0.6-0.6,0.6h-1.5 C30,41,29.7,40.7,29.7,40.4z\"><\/path><path class=\"st0\" d=\"M18,37.2c0-0.3,0.3-0.6,0.6-0.6H20c0.3,0,0.6,0.3,0.6,0.6c0,0.3-0.3,0.6-0.6,0.6h-1.5 C18.2,37.8,18,37.5,18,37.2z\"><\/path><path class=\"st0\" d=\"M18,40.4c0-0.3,0.3-0.6,0.6-0.6H20c0.3,0,0.6,0.3,0.6,0.6c0,0.3-0.3,0.6-0.6,0.6h-1.5C18.2,41,18,40.7,18,40.4z \"><\/path><path class=\"st0\" d=\"M28.3,30c0.3,0,0.6,0.3,0.6,0.6v1.5c0,0.3-0.3,0.6-0.6,0.6c-0.3,0-0.6-0.3-0.6-0.6v-1.5 C27.7,30.3,28,30,28.3,30z\"><\/path><path class=\"st0\" d=\"M25.2,30c0.3,0,0.6,0.3,0.6,0.6v1.5c0,0.3-0.3,0.6-0.6,0.6c-0.3,0-0.6-0.3-0.6-0.6v-1.5 C24.6,30.3,24.8,30,25.2,30z\"><\/path><path class=\"st0\" d=\"M16.6,35.4c-1.1,4.8,1.8,9.6,6.6,10.8c4.8,1.1,9.6-1.8,10.8-6.6c1.1-4.8-1.8-9.6-6.6-10.8 C22.6,27.6,17.8,30.6,16.6,35.4z M23,47.3c-5.4-1.3-8.8-6.7-7.5-12.1c1.3-5.4,6.7-8.8,12.1-7.5c5.4,1.3,8.8,6.7,7.5,12.1 S28.5,48.6,23,47.3z\"><\/path><path class=\"st1\" d=\"M8.1,28.9c0.3,0,0.6,0.3,0.6,0.6v1.3c0,0.3-0.3,0.6-0.6,0.6c-0.3,0-0.6-0.3-0.6-0.6v-1.3 C7.5,29.2,7.8,28.9,8.1,28.9z\"><\/path><path class=\"st1\" d=\"M8.1,24.9c0.3,0,0.6,0.3,0.6,0.6v1.3c0,0.3-0.3,0.6-0.6,0.6c-0.3,0-0.6-0.3-0.6-0.6v-1.3 C7.5,25.1,7.8,24.9,8.1,24.9z\"><\/path><path class=\"st1\" d=\"M8.1,21c0.3,0,0.6,0.3,0.6,0.6v1.3c0,0.3-0.3,0.6-0.6,0.6c-0.3,0-0.6-0.3-0.6-0.6v-1.3C7.5,21.3,7.8,21,8.1,21z \"><\/path><path class=\"st1\" d=\"M12.9,28.9c0.3,0,0.6,0.3,0.6,0.6v1.3c0,0.3-0.3,0.6-0.6,0.6c-0.3,0-0.6-0.3-0.6-0.6v-1.3 C12.3,29.2,12.6,28.9,12.9,28.9z\"><\/path><path class=\"st1\" d=\"M12.9,24.9c0.3,0,0.6,0.3,0.6,0.6v1.3c0,0.3-0.3,0.6-0.6,0.6c-0.3,0-0.6-0.3-0.6-0.6v-1.3 C12.3,25.1,12.6,24.9,12.9,24.9z\"><\/path><path class=\"st1\" d=\"M12.9,21c0.3,0,0.6,0.3,0.6,0.6v1.3c0,0.3-0.3,0.6-0.6,0.6c-0.3,0-0.6-0.3-0.6-0.6v-1.3 C12.3,21.3,12.6,21,12.9,21z\"><\/path><path class=\"st1\" d=\"M17.6,24.9c0.3,0,0.6,0.3,0.6,0.6v1.3c0,0.3-0.3,0.6-0.6,0.6c-0.3,0-0.6-0.3-0.6-0.6v-1.3 C17,25.1,17.3,24.9,17.6,24.9z\"><\/path><path class=\"st1\" d=\"M17.6,21c0.3,0,0.6,0.3,0.6,0.6v1.3c0,0.3-0.3,0.6-0.6,0.6c-0.3,0-0.6-0.3-0.6-0.6v-1.3 C17,21.3,17.3,21,17.6,21z\"><\/path><path class=\"st1\" d=\"M8.1,40.8c0.3,0,0.6,0.3,0.6,0.6v1.3c0,0.3-0.3,0.6-0.6,0.6c-0.3,0-0.6-0.3-0.6-0.6v-1.3 C7.5,41.1,7.8,40.8,8.1,40.8z\"><\/path><path class=\"st1\" d=\"M8.1,36.8c0.3,0,0.6,0.3,0.6,0.6v1.3c0,0.3-0.3,0.6-0.6,0.6c-0.3,0-0.6-0.3-0.6-0.6v-1.3 C7.5,37,7.8,36.8,8.1,36.8z\"><\/path><path class=\"st1\" d=\"M8.1,32.9c0.3,0,0.6,0.3,0.6,0.6v1.3c0,0.3-0.3,0.6-0.6,0.6c-0.3,0-0.6-0.3-0.6-0.6v-1.3 C7.5,33.2,7.8,32.9,8.1,32.9z\"><\/path><path class=\"st1\" d=\"M12.9,40.8c0.3,0,0.6,0.3,0.6,0.6v1.3c0,0.3-0.3,0.6-0.6,0.6c-0.3,0-0.6-0.3-0.6-0.6v-1.3 C12.3,41.1,12.6,40.8,12.9,40.8z\"><\/path><path class=\"st1\" d=\"M12.9,36.8c0.3,0,0.6,0.3,0.6,0.6v1.3c0,0.3-0.3,0.6-0.6,0.6c-0.3,0-0.6-0.3-0.6-0.6v-1.3 C12.3,37,12.6,36.8,12.9,36.8z\"><\/path><path class=\"st1\" d=\"M12.9,32.9c0.3,0,0.6,0.3,0.6,0.6v1.3c0,0.3-0.3,0.6-0.6,0.6c-0.3,0-0.6-0.3-0.6-0.6v-1.3 C12.3,33.2,12.6,32.9,12.9,32.9z\"><\/path><path class=\"st1\" d=\"M1.8,18.4c-0.3,0-0.6,0.3-0.6,0.6v26.4c0,0.6,0.5,1,1,1H18c0.3,0,0.6,0.3,0.6,0.6c0,0.3-0.3,0.6-0.6,0.6H2.2 c-1.2,0-2.2-1-2.2-2.2V19c0-1,0.8-1.8,1.8-1.8h22.1c1,0,1.8,0.8,1.8,1.8v0l0,0l0,6.8c0,0.3-0.3,0.6-0.6,0.6c-0.3,0-0.6-0.3-0.6-0.6 l0-6.8c0,0,0,0,0,0c0-0.3-0.3-0.6-0.6-0.6H1.8z\"><\/path><path class=\"st1\" d=\"M5.8,10.2c-0.3,0-0.6,0.3-0.6,0.6v7.1c0,0.3-0.3,0.6-0.6,0.6c-0.3,0-0.6-0.3-0.6-0.6v-7.1c0-1,0.8-1.7,1.7-1.7 h14.1c1,0,1.7,0.8,1.7,1.7v7.1c0,0.3-0.3,0.6-0.6,0.6c-0.3,0-0.6-0.3-0.6-0.6v-7.1c0-0.3-0.3-0.6-0.6-0.6H5.8z\"><\/path><path class=\"st1\" d=\"M12.9,5.8c-2.1,0-3.8,1.7-3.8,3.8c0,0.3-0.3,0.6-0.6,0.6c-0.3,0-0.6-0.3-0.6-0.6c0-2.7,2.2-5,5-5s5,2.2,5,5 c0,0.3-0.3,0.6-0.6,0.6c-0.3,0-0.6-0.3-0.6-0.6C16.7,7.5,15,5.8,12.9,5.8z\"><\/path><path class=\"st1\" d=\"M12.9,0c0.3,0,0.6,0.3,0.6,0.6v4.6c0,0.3-0.3,0.6-0.6,0.6c-0.3,0-0.6-0.3-0.6-0.6V0.6C12.3,0.3,12.5,0,12.9,0z\"><\/path><\/svg>\t\t\t\t\t\t\t\t<\/div>\n\t\t\t\t\t\t\t<\/div>\n\t\t\t\t\t\t\n\t\t\t\t\t\t\t\t\t\t\t\t\t<h3 class=\"elementor-flip-box__layer__title\">\n\t\t\t\t\t\t\t\tOptimisation des b\u00e2timents\t\t\t\t\t\t\t<\/h3>\n\t\t\t\t\t\t\n\t\t\t\t\t\t\t\t\t\t\t\t\t<div class=\"elementor-flip-box__layer__description\">\n\t\t\t\t\t\t\t\tUne approche holistique et syst\u00e9matique pour aborder et am\u00e9liorer les op\u00e9rations des syst\u00e8mes de b\u00e2timent et r\u00e9duire de mani\u00e8re significative le profil \u00e9nerg\u00e9tique global d'un b\u00e2timent.\t\t\t\t\t\t\t<\/div>\n\t\t\t\t\t\t\t\t\t\t\t<\/div>\n\t\t\t\t<\/div>\n\t\t\t<\/div>\n\t\t\t<a class=\"elementor-flip-box__layer elementor-flip-box__back\" href=\"https:\/\/buenoanalytics.com\/fr\/bueno-building-optimisation-2\/\">\n\t\t\t<div class=\"elementor-flip-box__layer__overlay\">\n\t\t\t\t<div class=\"elementor-flip-box__layer__inner\">\n\t\t\t\t\t\t\t\t\t\t\t<h3 class=\"elementor-flip-box__layer__title\">\n\t\t\t\t\t\t\tOptimisation des b\u00e2timents\t\t\t\t\t\t<\/h3>\n\t\t\t\t\t\n\t\t\t\t\t\t\t\t\t\t\t<div class=\"elementor-flip-box__layer__description\">\n\t\t\t\t\t\t\tMettre en \u0153uvre un plan strat\u00e9gique et syst\u00e9matique de r\u00e9duction de la consommation d'\u00e9nergie fond\u00e9 sur des donn\u00e9es afin d'am\u00e9liorer les performances globales des actifs. Am\u00e9liorer et affiner les technologies du b\u00e2timent et les syst\u00e8mes op\u00e9rationnels de mani\u00e8re globale. Il s'agit de mettre en \u0153uvre des mesures proactives pour maximiser l'efficacit\u00e9 \u00e9nerg\u00e9tique, r\u00e9duire les co\u00fbts d'exploitation et veiller \u00e0 ce que les syst\u00e8mes des b\u00e2timents fonctionnent \u00e0 des niveaux de performance optimaux.\n\t\t\t\t\t\t<\/div>\n\t\t\t\t\t\n\t\t\t\t\t\t\t\t\t\t\t<span class=\"elementor-flip-box__button elementor-button elementor-size-sm\">\n\t\t\t\t\t\t\tEn savoir plus <i class=\"fa-regular fa-arrow-right\"><\/i>\t\t\t\t\t\t<\/span>\n\t\t\t\t\t\t\t\t<\/div>\n\t\t<\/div>\n\t\t<\/a>\n\t\t<\/div>\n\t\t\t\t\t\t<\/div>\n\t\t\t\t<\/div>\n\t\t\t\t\t<\/div>\n\t\t\t\t<\/div>\n\t\t\t\t\t<\/div>\n\t\t\t\t<\/div>\n\t\t\t\t<\/div>","protected":false},"excerpt":{"rendered":"<p>Home Explainer Video: How Bueno Optimises Building Performance Explainer Video Optimise performance with Bueno\u2019s Analytics Platform Bueno\u2019s Smart Building Analytics platform\u00a0will arm your team with the ability to optimise the performance of your buildings. We connect to all your equipment, identifying faults and opportunities to optimise them \u2013 all while combating the climate crisis. Energy [&hellip;]<\/p>\n","protected":false},"author":8,"featured_media":499,"parent":0,"menu_order":0,"comment_status":"closed","ping_status":"closed","template":"","meta":{"footnotes":""},"class_list":["post-1340","page","type-page","status-publish","has-post-thumbnail","hentry"],"_links":{"self":[{"href":"https:\/\/buenoanalytics.com\/fr\/wp-json\/wp\/v2\/pages\/1340"}],"collection":[{"href":"https:\/\/buenoanalytics.com\/fr\/wp-json\/wp\/v2\/pages"}],"about":[{"href":"https:\/\/buenoanalytics.com\/fr\/wp-json\/wp\/v2\/types\/page"}],"author":[{"embeddable":true,"href":"https:\/\/buenoanalytics.com\/fr\/wp-json\/wp\/v2\/users\/8"}],"replies":[{"embeddable":true,"href":"https:\/\/buenoanalytics.com\/fr\/wp-json\/wp\/v2\/comments?post=1340"}],"version-history":[{"count":0,"href":"https:\/\/buenoanalytics.com\/fr\/wp-json\/wp\/v2\/pages\/1340\/revisions"}],"wp:featuredmedia":[{"embeddable":true,"href":"https:\/\/buenoanalytics.com\/fr\/wp-json\/wp\/v2\/media\/499"}],"wp:attachment":[{"href":"https:\/\/buenoanalytics.com\/fr\/wp-json\/wp\/v2\/media?parent=1340"}],"curies":[{"name":"wp","href":"https:\/\/api.w.org\/{rel}","templated":true}]}}